{"id":15765,"date":"2019-05-09T09:51:46","date_gmt":"2019-05-09T09:51:46","guid":{"rendered":"http:\/\/crearteinteriors.es\/servicios\/"},"modified":"2023-09-26T12:50:41","modified_gmt":"2023-09-26T12:50:41","slug":"servicios","status":"publish","type":"page","link":"https:\/\/crearteinteriors.es\/es\/servicios\/","title":{"rendered":"SERVICIOS"},"content":{"rendered":"<div class=\"wpb-content-wrapper\"><p>[vc_row css_animation=\u00bb\u00bb row_type=\u00bbrow\u00bb use_row_as_full_screen_section=\u00bbno\u00bb type=\u00bbgrid\u00bb angled_section=\u00bbno\u00bb text_align=\u00bbleft\u00bb background_image_as_pattern=\u00bbwithout_pattern\u00bb css=\u00bb.vc_custom_1547201742471{background-position: center !important;background-repeat: no-repeat !important;background-size: contain !important;}\u00bb z_index=\u00bb\u00bb el_class=\u00bbservicio_section1&#8243;][vc_column offset=\u00bbvc_col-md-4&#8243; el_class=\u00bbservicio_section1_inn1&#8243;][qode_elements_holder number_of_columns=\u00bbone_column\u00bb][qode_elements_holder_item advanced_animations=\u00bbno\u00bb][vc_column_text]<\/p>\n<h3>Servicios<\/h3>\n<p>[\/vc_column_text][vc_column_text]<\/p>\n<h2>INTERIORISMO<br \/>\nRESIDENCIAL<\/h2>\n<p>[\/vc_column_text][vc_empty_space height=\u00bb42px\u00bb][vc_column_text]Nuestra principal motivaci\u00f3n es mejorar tu calidad de vida.[\/vc_column_text][vc_empty_space height=\u00bb31px\u00bb][\/qode_elements_holder_item][\/qode_elements_holder][\/vc_column][vc_column offset=\u00bbvc_col-md-8&#8243; el_class=\u00bbservicio_section1_inn2&#8243;][qode_elements_holder number_of_columns=\u00bbone_column\u00bb][qode_elements_holder_item item_padding=\u00bb0px 0px 60px\u00bb advanced_animations=\u00bbno\u00bb item_padding_600_768=\u00bb0px 0px 90px\u00bb][vc_single_image image=\u00bb17632&#8243; img_size=\u00bbfull\u00bb alignment=\u00bbcenter\u00bb qode_css_animation=\u00bb\u00bb][\/qode_elements_holder_item][\/qode_elements_holder][\/vc_column][\/vc_row][vc_row css_animation=\u00bb\u00bb row_type=\u00bbrow\u00bb use_row_as_full_screen_section=\u00bbno\u00bb type=\u00bbgrid\u00bb angled_section=\u00bbno\u00bb text_align=\u00bbleft\u00bb background_image_as_pattern=\u00bbwithout_pattern\u00bb z_index=\u00bb\u00bb el_class=\u00bbservicio_section2&#8243;][vc_column][vc_row_inner row_type=\u00bbrow\u00bb type=\u00bbfull_width\u00bb text_align=\u00bbleft\u00bb css_animation=\u00bb\u00bb el_class=\u00bbservicio_section2_inn1&#8243;][vc_column_inner el_class=\u00bbservicio_section2_inn1_inn1&#8243; width=\u00bb1\/2&#8243;][vc_column_text]La arquitectura interior, el dise\u00f1o sostenible y la est\u00e9tica, as\u00ed como diferentes t\u00e9cnicas de distribuci\u00f3n org\u00e1nica y el feng shui contribuyen a mejorar el bienestar de las personas. Porque, \u00bfd\u00f3nde querr\u00edas encontrarte m\u00e1s a gusto que en tu propio hogar? <strong>Porque concebimos tu casa, como tu refugio.<\/strong><\/p>\n<p>&nbsp;<\/p>\n<p>Tu personalidad, tus gustos y tus hobbies son fundamentales para que tu vivienda exprese y represente todo lo que <strong>te convierte en un ser \u00fanico; as\u00ed de original ser\u00e1 tu hogar.[\/vc_column_text][\/vc_column_inner][vc_column_inner el_class=\u00bbservicio_section2_inn1_inn2&#8243; width=\u00bb1\/2&#8243;][vc_column_text]<br \/>\n<\/strong><\/p>\n<p style=\"visibility: hidden; display: none;\">.<\/p>\n<p>Queremos asistirte <strong>en la aventura de crear tu espacio personal<\/strong>. Un acompa\u00f1amiento integral a lo largo de todo el proceso de dise\u00f1o, reforma y estilismo. Rescatando el estilo original del espacio y aportando una atm\u00f3sfera indicada para cada ambiente.<\/p>\n<p>&nbsp;<\/p>\n<p>Trabajando en <strong>modalidad llave en mano<\/strong> el proceso de reforma ser\u00e1 una experiencia gratificante que vivir\u00e1s sin preocupaciones. Nos encargaremos de la tramitaci\u00f3n de permisos, la coordinaci\u00f3n de los equipos y los diferentes procesos, siguiendo un plan de trabajo estricto. Nos har\u00eda felices <strong>convertir tu sue\u00f1o en realidad.<\/strong>[\/vc_column_text][\/vc_column_inner][\/vc_row_inner][vc_row_inner row_type=\u00bbrow\u00bb type=\u00bbfull_width\u00bb text_align=\u00bbleft\u00bb css_animation=\u00bb\u00bb el_class=\u00bbservicio_section2_inn2&#8243;][vc_column_inner][vc_column_text]<\/p>\n<p style=\"text-align: center;\">\u201cLa arquitectura se est\u00e1 convirtiendo de nuevo en parte integral de nuestra existencia en algo din\u00e1mico y no est\u00e1tico. Vive, cambia, expresa lo intangible a trav\u00e9s de lo tangible. Da vida a materiales inertes al relacionarlos con el ser humano. Concebida as\u00ed, su creaci\u00f3n es un acto de amor.\u201d<\/p>\n<h3 style=\"text-align: center;\">Walter Gropius<\/h3>\n<p>[\/vc_column_text][\/vc_column_inner][\/vc_row_inner][\/vc_column][\/vc_row][vc_row css_animation=\u00bb\u00bb row_type=\u00bbrow\u00bb use_row_as_full_screen_section=\u00bbno\u00bb type=\u00bbfull_width\u00bb angled_section=\u00bbno\u00bb text_align=\u00bbleft\u00bb background_image_as_pattern=\u00bbwithout_pattern\u00bb][vc_column][vc_raw_html]PGRpdiBjbGFzcz0ibGluZWFfc2VwYXJhY2lvbiI+PC9kaXY+[\/vc_raw_html][\/vc_column][\/vc_row][vc_row css_animation=\u00bb\u00bb row_type=\u00bbrow\u00bb use_row_as_full_screen_section=\u00bbno\u00bb type=\u00bbgrid\u00bb angled_section=\u00bbno\u00bb text_align=\u00bbleft\u00bb background_image_as_pattern=\u00bbwithout_pattern\u00bb css=\u00bb.vc_custom_1547201780149{background-position: center !important;background-repeat: no-repeat !important;background-size: contain !important;}\u00bb z_index=\u00bb\u00bb el_class=\u00bbservicio_section1 servicio_section_back2&#8243;][vc_column offset=\u00bbvc_col-md-4&#8243; el_class=\u00bbservicio_section1_inn1&#8243;][qode_elements_holder number_of_columns=\u00bbone_column\u00bb][qode_elements_holder_item advanced_animations=\u00bbno\u00bb][vc_column_text]<\/p>\n<h3>Servicios<\/h3>\n<p>[\/vc_column_text][vc_column_text]<\/p>\n<h2>DISE\u00d1O DE ESPACIOS EXTERIORES<\/h2>\n<p>Dise\u00f1amos espacios exteriores que nos conectan con nuestra esencia m\u00e1s natural.[\/vc_column_text][vc_empty_space height=\u00bb31px\u00bb][\/qode_elements_holder_item][\/qode_elements_holder][\/vc_column][vc_column offset=\u00bbvc_col-md-8&#8243; el_class=\u00bbservicio_section1_inn2&#8243;][qode_elements_holder number_of_columns=\u00bbone_column\u00bb][qode_elements_holder_item item_padding=\u00bb0px 0px 60px\u00bb advanced_animations=\u00bbno\u00bb item_padding_600_768=\u00bb0px 0px 90px\u00bb][vc_single_image image=\u00bb17646&#8243; img_size=\u00bbfull\u00bb alignment=\u00bbcenter\u00bb qode_css_animation=\u00bb\u00bb][\/qode_elements_holder_item][\/qode_elements_holder][\/vc_column][\/vc_row][vc_row css_animation=\u00bb\u00bb row_type=\u00bbrow\u00bb use_row_as_full_screen_section=\u00bbno\u00bb type=\u00bbgrid\u00bb angled_section=\u00bbno\u00bb text_align=\u00bbleft\u00bb background_image_as_pattern=\u00bbwithout_pattern\u00bb z_index=\u00bb\u00bb el_class=\u00bbservicio_section2&#8243;][vc_column][vc_row_inner row_type=\u00bbrow\u00bb type=\u00bbfull_width\u00bb text_align=\u00bbleft\u00bb css_animation=\u00bb\u00bb el_class=\u00bbservicio_section2_inn1&#8243;][vc_column_inner el_class=\u00bbservicio_section2_inn1_inn1&#8243; width=\u00bb1\/2&#8243;][vc_column_text]Desde un peque\u00f1o patio hasta un extenso jard\u00edn, <strong>cualquier entorno al aire libre es nuestra parcela privada de naturaleza.<\/strong> El paisajismo estudia los factores ambientales y las necesidades particulares del entorno para configurar un espacio funcional, a la vez que <strong>inspirador.<\/strong><\/p>\n<p>&nbsp;<\/p>\n<p>Cuando dise\u00f1amos un espacio exterior disfrutamos de <strong>mayor libertad y flexibilidad<\/strong>, tanto a nivel formal como de estilo, <strong>lo que nos permite inspirarnos y transportarnos a tierras lejanas.<\/strong>[\/vc_column_text][\/vc_column_inner][vc_column_inner el_class=\u00bbservicio_section2_inn1_inn2&#8243; width=\u00bb1\/2&#8243;][vc_column_text]Desde un relajante jard\u00edn zen del Jap\u00f3n hasta la fuerza de un jard\u00edn de cactus, <strong>incorporar la naturaleza en el entorno urbano<\/strong> es un b\u00e1lsamo de paz para sus habitantes. Los jardines son, tambi\u00e9n, organismos vivos que var\u00edan a lo largo del a\u00f1o con la mutaci\u00f3n de su follaje. <strong>Percibir y contemplar los cambios es una experiencia gratificante y aliviadora del estr\u00e9s.<\/strong>[\/vc_column_text][\/vc_column_inner][\/vc_row_inner][\/vc_column][\/vc_row][vc_row css_animation=\u00bb\u00bb row_type=\u00bbrow\u00bb use_row_as_full_screen_section=\u00bbno\u00bb type=\u00bbfull_width\u00bb angled_section=\u00bbno\u00bb text_align=\u00bbleft\u00bb background_image_as_pattern=\u00bbwithout_pattern\u00bb][vc_column][vc_raw_html]PGRpdiBjbGFzcz0ibGluZWFfc2VwYXJhY2lvbiI+PC9kaXY+[\/vc_raw_html][\/vc_column][\/vc_row][vc_row css_animation=\u00bb\u00bb row_type=\u00bbrow\u00bb use_row_as_full_screen_section=\u00bbno\u00bb type=\u00bbgrid\u00bb angled_section=\u00bbno\u00bb text_align=\u00bbleft\u00bb background_image_as_pattern=\u00bbwithout_pattern\u00bb css=\u00bb.vc_custom_1547201788272{background-position: center !important;background-repeat: no-repeat !important;background-size: contain !important;}\u00bb z_index=\u00bb\u00bb el_class=\u00bbservicio_section1&#8243;][vc_column offset=\u00bbvc_col-md-4&#8243; el_class=\u00bbservicio_section1_inn1&#8243;][qode_elements_holder number_of_columns=\u00bbone_column\u00bb][qode_elements_holder_item advanced_animations=\u00bbno\u00bb][vc_column_text]<\/p>\n<h3>Servicios<\/h3>\n<p>[\/vc_column_text][vc_column_text]<\/p>\n<h2>INTERIORISMO COMERCIAL<\/h2>\n<p>Nos encantar\u00eda convertir tu negocio en el local de moda de tu ciudad y ayudarte a incrementar tus ventas.[\/vc_column_text][vc_empty_space height=\u00bb42px\u00bb][vc_empty_space height=\u00bb31px\u00bb][\/qode_elements_holder_item][\/qode_elements_holder][\/vc_column][vc_column offset=\u00bbvc_col-md-8&#8243; el_class=\u00bbservicio_section1_inn2&#8243;][qode_elements_holder number_of_columns=\u00bbone_column\u00bb][qode_elements_holder_item item_padding=\u00bb0px 0px 60px\u00bb advanced_animations=\u00bbno\u00bb item_padding_600_768=\u00bb0px 0px 90px\u00bb][vc_single_image image=\u00bb17636&#8243; img_size=\u00bbfull\u00bb alignment=\u00bbcenter\u00bb qode_css_animation=\u00bb\u00bb][\/qode_elements_holder_item][\/qode_elements_holder][\/vc_column][\/vc_row][vc_row css_animation=\u00bb\u00bb row_type=\u00bbrow\u00bb use_row_as_full_screen_section=\u00bbno\u00bb type=\u00bbgrid\u00bb angled_section=\u00bbno\u00bb text_align=\u00bbleft\u00bb background_image_as_pattern=\u00bbwithout_pattern\u00bb z_index=\u00bb\u00bb el_class=\u00bbservicio_section2&#8243;][vc_column][vc_row_inner row_type=\u00bbrow\u00bb type=\u00bbfull_width\u00bb text_align=\u00bbleft\u00bb css_animation=\u00bb\u00bb el_class=\u00bbservicio_section2_inn1&#8243;][vc_column_inner el_class=\u00bbservicio_section2_inn1_inn1&#8243; width=\u00bb1\/2&#8243;][vc_column_text]Sabemos c\u00f3mo convertir a tus clientes en <strong>fans de tu negocio<\/strong>. T\u00fa ya les conoces y sabes c\u00f3mo satisfacerles, pero tu local no acaba de comunicar tu pasi\u00f3n y profesionalidad. Invertir en interiorismo, para impresionar y sorprender a tus clientes, a trav\u00e9s de un <strong>dise\u00f1o integral y transversal<\/strong>, es la opci\u00f3n ganadora. Aplicamos t\u00e9cnicas de marketing, fortaleciendo el valor diferencial de tu marca, para garantizar el \u00e9xito de tu negocio. Trabajamos a partir de una estrategia clara para crear experiencias que apelen a las emociones del p\u00fablico.[\/vc_column_text][\/vc_column_inner][vc_column_inner el_class=\u00bbservicio_section2_inn1_inn2&#8243; width=\u00bb1\/2&#8243;][vc_column_text]Conocemos nuestra era, de <strong>fuerte competitividad y ritmo fren\u00e9tico<\/strong>. F\u00e1cilmente los negocios quedan estancados, necesitan<strong> revitalizar su marca <\/strong> mediante un proyecto integral de <strong>branding<\/strong> donde todos los elementos identificativos sean coherentes. Trabajamos conjuntamente con nuestro equipo de dise\u00f1o gr\u00e1fico para ofrecer un <strong>proyecto global<\/strong>.[\/vc_column_text][\/vc_column_inner][\/vc_row_inner][\/vc_column][\/vc_row]<\/p>\n<\/div>","protected":false},"excerpt":{"rendered":"<p>[vc_row css_animation=\u00bb\u00bb row_type=\u00bbrow\u00bb use_row_as_full_screen_section=\u00bbno\u00bb type=\u00bbgrid\u00bb angled_section=\u00bbno\u00bb text_align=\u00bbleft\u00bb background_image_as_pattern=\u00bbwithout_pattern\u00bb css=\u00bb.vc_custom_1547201742471{background-position: center !important;background-repeat: no-repeat !important;background-size: contain !important;}\u00bb z_index=\u00bb\u00bb el_class=\u00bbservicio_section1&#8243;][vc_column offset=\u00bbvc_col-md-4&#8243; el_class=\u00bbservicio_section1_inn1&#8243;][qode_elements_holder number_of_columns=\u00bbone_column\u00bb][qode_elements_holder_item&#8230;<\/p>\n","protected":false},"author":2,"featured_media":0,"parent":0,"menu_order":0,"comment_status":"closed","ping_status":"open","template":"full_width.php","meta":{"footnotes":""},"class_list":["post-15765","page","type-page","status-publish","hentry"],"yoast_head":"<!-- This site is optimized with the Yoast SEO plugin v26.5 - https:\/\/yoast.com\/wordpress\/plugins\/seo\/ -->\n<title>SERVICIOS - Crearte Interiors<\/title>\n<meta name=\"robots\" content=\"index, follow, max-snippet:-1, max-image-preview:large, max-video-preview:-1\" \/>\n<link rel=\"canonical\" href=\"https:\/\/crearteinteriors.es\/es\/servicios\/\" \/>\n<meta property=\"og:locale\" content=\"es_ES\" \/>\n<meta property=\"og:type\" content=\"article\" \/>\n<meta property=\"og:title\" content=\"SERVICIOS - Crearte Interiors\" \/>\n<meta property=\"og:description\" content=\"[vc_row css_animation=\u00bb\u00bb row_type=\u00bbrow\u00bb use_row_as_full_screen_section=\u00bbno\u00bb type=\u00bbgrid\u00bb angled_section=\u00bbno\u00bb text_align=\u00bbleft\u00bb background_image_as_pattern=\u00bbwithout_pattern\u00bb css=\u00bb.vc_custom_1547201742471{background-position: center !important;background-repeat: no-repeat !important;background-size: contain !important;}\u00bb z_index=\u00bb\u00bb el_class=\u00bbservicio_section1&#8243;][vc_column offset=\u00bbvc_col-md-4&#8243; el_class=\u00bbservicio_section1_inn1&#8243;][qode_elements_holder number_of_columns=\u00bbone_column\u00bb][qode_elements_holder_item...\" \/>\n<meta property=\"og:url\" content=\"https:\/\/crearteinteriors.es\/es\/servicios\/\" \/>\n<meta property=\"og:site_name\" content=\"Crearte Interiors\" \/>\n<meta property=\"article:publisher\" content=\"https:\/\/www.facebook.com\/crearteinteriors\/\" \/>\n<meta property=\"article:modified_time\" content=\"2023-09-26T12:50:41+00:00\" \/>\n<meta name=\"twitter:card\" content=\"summary_large_image\" \/>\n<meta name=\"twitter:label1\" content=\"Tiempo de lectura\" \/>\n\t<meta name=\"twitter:data1\" content=\"4 minutos\" \/>\n<script type=\"application\/ld+json\" class=\"yoast-schema-graph\">{\"@context\":\"https:\/\/schema.org\",\"@graph\":[{\"@type\":\"WebPage\",\"@id\":\"https:\/\/crearteinteriors.es\/es\/servicios\/\",\"url\":\"https:\/\/crearteinteriors.es\/es\/servicios\/\",\"name\":\"SERVICIOS - Crearte Interiors\",\"isPartOf\":{\"@id\":\"https:\/\/crearteinteriors.es\/#website\"},\"datePublished\":\"2019-05-09T09:51:46+00:00\",\"dateModified\":\"2023-09-26T12:50:41+00:00\",\"breadcrumb\":{\"@id\":\"https:\/\/crearteinteriors.es\/es\/servicios\/#breadcrumb\"},\"inLanguage\":\"es\",\"potentialAction\":[{\"@type\":\"ReadAction\",\"target\":[\"https:\/\/crearteinteriors.es\/es\/servicios\/\"]}]},{\"@type\":\"BreadcrumbList\",\"@id\":\"https:\/\/crearteinteriors.es\/es\/servicios\/#breadcrumb\",\"itemListElement\":[{\"@type\":\"ListItem\",\"position\":1,\"name\":\"Inici\",\"item\":\"https:\/\/crearteinteriors.es\/es\/\"},{\"@type\":\"ListItem\",\"position\":2,\"name\":\"SERVICIOS\"}]},{\"@type\":\"WebSite\",\"@id\":\"https:\/\/crearteinteriors.es\/#website\",\"url\":\"https:\/\/crearteinteriors.es\/\",\"name\":\"Crearte Interiors\",\"description\":\"Estudi d\u2019interiorisme.\",\"publisher\":{\"@id\":\"https:\/\/crearteinteriors.es\/#organization\"},\"potentialAction\":[{\"@type\":\"SearchAction\",\"target\":{\"@type\":\"EntryPoint\",\"urlTemplate\":\"https:\/\/crearteinteriors.es\/?s={search_term_string}\"},\"query-input\":{\"@type\":\"PropertyValueSpecification\",\"valueRequired\":true,\"valueName\":\"search_term_string\"}}],\"inLanguage\":\"es\"},{\"@type\":\"Organization\",\"@id\":\"https:\/\/crearteinteriors.es\/#organization\",\"name\":\"Crearte Interiors\",\"url\":\"https:\/\/crearteinteriors.es\/\",\"logo\":{\"@type\":\"ImageObject\",\"inLanguage\":\"es\",\"@id\":\"https:\/\/crearteinteriors.es\/#\/schema\/logo\/image\/\",\"url\":\"https:\/\/crearteinteriors.es\/wp-content\/uploads\/2022\/12\/logo-quadrat_Bl.jpg\",\"contentUrl\":\"https:\/\/crearteinteriors.es\/wp-content\/uploads\/2022\/12\/logo-quadrat_Bl.jpg\",\"width\":2008,\"height\":2008,\"caption\":\"Crearte Interiors\"},\"image\":{\"@id\":\"https:\/\/crearteinteriors.es\/#\/schema\/logo\/image\/\"},\"sameAs\":[\"https:\/\/www.facebook.com\/crearteinteriors\/\",\"https:\/\/www.instagram.com\/crearteinteriors\/\"]}]}<\/script>\n<!-- \/ Yoast SEO plugin. -->","yoast_head_json":{"title":"SERVICIOS - Crearte Interiors","robots":{"index":"index","follow":"follow","max-snippet":"max-snippet:-1","max-image-preview":"max-image-preview:large","max-video-preview":"max-video-preview:-1"},"canonical":"https:\/\/crearteinteriors.es\/es\/servicios\/","og_locale":"es_ES","og_type":"article","og_title":"SERVICIOS - Crearte Interiors","og_description":"[vc_row css_animation=\u00bb\u00bb row_type=\u00bbrow\u00bb use_row_as_full_screen_section=\u00bbno\u00bb type=\u00bbgrid\u00bb angled_section=\u00bbno\u00bb text_align=\u00bbleft\u00bb background_image_as_pattern=\u00bbwithout_pattern\u00bb css=\u00bb.vc_custom_1547201742471{background-position: center !important;background-repeat: no-repeat !important;background-size: contain !important;}\u00bb z_index=\u00bb\u00bb el_class=\u00bbservicio_section1&#8243;][vc_column offset=\u00bbvc_col-md-4&#8243; el_class=\u00bbservicio_section1_inn1&#8243;][qode_elements_holder number_of_columns=\u00bbone_column\u00bb][qode_elements_holder_item...","og_url":"https:\/\/crearteinteriors.es\/es\/servicios\/","og_site_name":"Crearte Interiors","article_publisher":"https:\/\/www.facebook.com\/crearteinteriors\/","article_modified_time":"2023-09-26T12:50:41+00:00","twitter_card":"summary_large_image","twitter_misc":{"Tiempo de lectura":"4 minutos"},"schema":{"@context":"https:\/\/schema.org","@graph":[{"@type":"WebPage","@id":"https:\/\/crearteinteriors.es\/es\/servicios\/","url":"https:\/\/crearteinteriors.es\/es\/servicios\/","name":"SERVICIOS - Crearte Interiors","isPartOf":{"@id":"https:\/\/crearteinteriors.es\/#website"},"datePublished":"2019-05-09T09:51:46+00:00","dateModified":"2023-09-26T12:50:41+00:00","breadcrumb":{"@id":"https:\/\/crearteinteriors.es\/es\/servicios\/#breadcrumb"},"inLanguage":"es","potentialAction":[{"@type":"ReadAction","target":["https:\/\/crearteinteriors.es\/es\/servicios\/"]}]},{"@type":"BreadcrumbList","@id":"https:\/\/crearteinteriors.es\/es\/servicios\/#breadcrumb","itemListElement":[{"@type":"ListItem","position":1,"name":"Inici","item":"https:\/\/crearteinteriors.es\/es\/"},{"@type":"ListItem","position":2,"name":"SERVICIOS"}]},{"@type":"WebSite","@id":"https:\/\/crearteinteriors.es\/#website","url":"https:\/\/crearteinteriors.es\/","name":"Crearte Interiors","description":"Estudi d\u2019interiorisme.","publisher":{"@id":"https:\/\/crearteinteriors.es\/#organization"},"potentialAction":[{"@type":"SearchAction","target":{"@type":"EntryPoint","urlTemplate":"https:\/\/crearteinteriors.es\/?s={search_term_string}"},"query-input":{"@type":"PropertyValueSpecification","valueRequired":true,"valueName":"search_term_string"}}],"inLanguage":"es"},{"@type":"Organization","@id":"https:\/\/crearteinteriors.es\/#organization","name":"Crearte Interiors","url":"https:\/\/crearteinteriors.es\/","logo":{"@type":"ImageObject","inLanguage":"es","@id":"https:\/\/crearteinteriors.es\/#\/schema\/logo\/image\/","url":"https:\/\/crearteinteriors.es\/wp-content\/uploads\/2022\/12\/logo-quadrat_Bl.jpg","contentUrl":"https:\/\/crearteinteriors.es\/wp-content\/uploads\/2022\/12\/logo-quadrat_Bl.jpg","width":2008,"height":2008,"caption":"Crearte Interiors"},"image":{"@id":"https:\/\/crearteinteriors.es\/#\/schema\/logo\/image\/"},"sameAs":["https:\/\/www.facebook.com\/crearteinteriors\/","https:\/\/www.instagram.com\/crearteinteriors\/"]}]}},"_links":{"self":[{"href":"https:\/\/crearteinteriors.es\/es\/wp-json\/wp\/v2\/pages\/15765","targetHints":{"allow":["GET"]}}],"collection":[{"href":"https:\/\/crearteinteriors.es\/es\/wp-json\/wp\/v2\/pages"}],"about":[{"href":"https:\/\/crearteinteriors.es\/es\/wp-json\/wp\/v2\/types\/page"}],"author":[{"embeddable":true,"href":"https:\/\/crearteinteriors.es\/es\/wp-json\/wp\/v2\/users\/2"}],"replies":[{"embeddable":true,"href":"https:\/\/crearteinteriors.es\/es\/wp-json\/wp\/v2\/comments?post=15765"}],"version-history":[{"count":23,"href":"https:\/\/crearteinteriors.es\/es\/wp-json\/wp\/v2\/pages\/15765\/revisions"}],"predecessor-version":[{"id":17658,"href":"https:\/\/crearteinteriors.es\/es\/wp-json\/wp\/v2\/pages\/15765\/revisions\/17658"}],"wp:attachment":[{"href":"https:\/\/crearteinteriors.es\/es\/wp-json\/wp\/v2\/media?parent=15765"}],"curies":[{"name":"wp","href":"https:\/\/api.w.org\/{rel}","templated":true}]}}