{"id":15784,"date":"2019-05-09T10:10:39","date_gmt":"2019-05-09T10:10:39","guid":{"rendered":"http:\/\/crearteinteriors.es\/el-estudio\/"},"modified":"2025-12-11T13:51:18","modified_gmt":"2025-12-11T13:51:18","slug":"el-estudio","status":"publish","type":"page","link":"https:\/\/crearteinteriors.es\/es\/el-estudio\/","title":{"rendered":"EL ESTUDIO"},"content":{"rendered":"<div class=\"wpb-content-wrapper\"><p>[vc_row css_animation=\u00bb\u00bb row_type=\u00bbrow\u00bb use_row_as_full_screen_section=\u00bbno\u00bb type=\u00bbgrid\u00bb angled_section=\u00bbno\u00bb text_align=\u00bbleft\u00bb background_image_as_pattern=\u00bbwithout_pattern\u00bb z_index=\u00bb\u00bb el_class=\u00bbestudi_section1&#8243;][vc_column offset=\u00bbvc_hidden-md vc_hidden-sm vc_hidden-xs\u00bb][qode_horizontal_marquee height=\u00bb609&#8243; spacing=\u00bb15&#8243;][qode_horizontal_marquee_item align=\u00bbbottom\u00bb width=\u00bb300&#8243;][qode_elements_holder number_of_columns=\u00bbone_column\u00bb][qode_elements_holder_item vertical_alignment=\u00bbmiddle\u00bb horizontal_alignment=\u00bbcenter\u00bb advanced_animations=\u00bbno\u00bb custom_class=\u00bbestudi_section1_inn1&#8243;][vc_single_image image=\u00bb15797&#8243; img_size=\u00bbfull\u00bb qode_css_animation=\u00bb\u00bb][vc_column_text]<\/p>\n<p style=\"text-align: left !important;\">\u00a1Hag\u00e1moslo! dise\u00f1emos juntos el hogar con el que siempre has so\u00f1ado, aquel que te haga sentir en casa. Sencillamente hag\u00e1moslo.<\/p>\n<p>[\/vc_column_text][\/qode_elements_holder_item][\/qode_elements_holder][\/qode_horizontal_marquee_item][qode_horizontal_marquee_item align=\u00bbbottom\u00bb width=\u00bb650&#8243;][qode_elements_holder number_of_columns=\u00bbone_column\u00bb][qode_elements_holder_item vertical_alignment=\u00bbmiddle\u00bb horizontal_alignment=\u00bbcenter\u00bb advanced_animations=\u00bbno\u00bb custom_class=\u00bbestudi_section1_inn2&#8243;][qode_in_device_slider device=\u00bbdesktop\u00bb titles_on_hover=\u00bbno\u00bb navigation=\u00bbno\u00bb auto_start=\u00bbyes\u00bb][qode_in_device_slider_item target=\u00bb_self\u00bb image=\u00bb17564&#8243;][\/qode_in_device_slider][\/qode_elements_holder_item][\/qode_elements_holder][\/qode_horizontal_marquee_item][qode_horizontal_marquee_item align=\u00bbbottom\u00bb width=\u00bb480&#8243;][qode_elements_holder number_of_columns=\u00bbone_column\u00bb][qode_elements_holder_item vertical_alignment=\u00bbmiddle\u00bb horizontal_alignment=\u00bbcenter\u00bb advanced_animations=\u00bbno\u00bb custom_class=\u00bbestudi_section1_inn3&#8243;][vc_single_image image=\u00bb15806&#8243; img_size=\u00bbfull\u00bb alignment=\u00bbcenter\u00bb qode_css_animation=\u00bb\u00bb el_class=\u00bbcrearte_logo\u00bb][qode_in_device_slider device=\u00bbphone-landscape\u00bb titles_on_hover=\u00bbno\u00bb navigation=\u00bbno\u00bb auto_start=\u00bbyes\u00bb][qode_in_device_slider_item target=\u00bb_self\u00bb image=\u00bb17561&#8243;][\/qode_in_device_slider][\/qode_elements_holder_item][\/qode_elements_holder][\/qode_horizontal_marquee_item][\/qode_horizontal_marquee][\/vc_column][\/vc_row][vc_row css_animation=\u00bb\u00bb row_type=\u00bbrow\u00bb use_row_as_full_screen_section=\u00bbno\u00bb type=\u00bbfull_width\u00bb angled_section=\u00bbno\u00bb text_align=\u00bbleft\u00bb background_image_as_pattern=\u00bbwithout_pattern\u00bb z_index=\u00bb\u00bb el_class=\u00bbestudi_section1&#8243;][vc_column offset=\u00bbvc_hidden-lg\u00bb][vc_row_inner row_type=\u00bbrow\u00bb type=\u00bbfull_width\u00bb text_align=\u00bbleft\u00bb css_animation=\u00bb\u00bb el_class=\u00bbestudi_section1_inn1&#8243;][vc_column_inner][vc_single_image image=\u00bb15797&#8243; img_size=\u00bbfull\u00bb qode_css_animation=\u00bb\u00bb][vc_column_text]<\/p>\n<p style=\"text-align: left !important;\">\u00a1Hag\u00e1moslo! dise\u00f1emos juntos el hogar con el que siempre has so\u00f1ado, aquel que te haga sentir en casa. Sencillamente hag\u00e1moslo.<\/p>\n<p>[\/vc_column_text][\/vc_column_inner][\/vc_row_inner][vc_row_inner row_type=\u00bbrow\u00bb type=\u00bbfull_width\u00bb text_align=\u00bbleft\u00bb css_animation=\u00bb\u00bb el_class=\u00bbestudi_section1_inn2&#8243;][vc_column_inner][qode_in_device_slider device=\u00bbdesktop\u00bb titles_on_hover=\u00bbyes\u00bb navigation=\u00bbno\u00bb auto_start=\u00bbyes\u00bb][qode_in_device_slider_item target=\u00bb_self\u00bb image=\u00bb15428&#8243;][\/qode_in_device_slider][\/vc_column_inner][\/vc_row_inner][vc_row_inner row_type=\u00bbrow\u00bb type=\u00bbfull_width\u00bb text_align=\u00bbleft\u00bb css_animation=\u00bb\u00bb el_class=\u00bbestudi_section1_inn3&#8243;][vc_column_inner][vc_single_image image=\u00bb15806&#8243; img_size=\u00bbfull\u00bb alignment=\u00bbcenter\u00bb qode_css_animation=\u00bb\u00bb el_class=\u00bbcrearte_logo\u00bb][qode_in_device_slider device=\u00bbphone-landscape\u00bb titles_on_hover=\u00bbyes\u00bb navigation=\u00bbno\u00bb auto_start=\u00bbyes\u00bb][qode_in_device_slider_item target=\u00bb_self\u00bb image=\u00bb15427&#8243;][\/qode_in_device_slider][\/vc_column_inner][\/vc_row_inner][\/vc_column][\/vc_row][vc_row css_animation=\u00bb\u00bb row_type=\u00bbrow\u00bb use_row_as_full_screen_section=\u00bbno\u00bb type=\u00bbgrid\u00bb angled_section=\u00bbno\u00bb text_align=\u00bbleft\u00bb background_image_as_pattern=\u00bbwithout_pattern\u00bb z_index=\u00bb\u00bb el_class=\u00bbestudi_section2&#8243;][vc_column]<div class=\"qode-advanced-tabs qode-advanced-tabs qode-advanced-horizontal-tab clearfix qode-advanced-tab-without-icon qode-advanced-tabs-column-2 clearfix\">\n\t<ul class=\"qode-advanced-tabs-nav\">\n\t\t\t\t\t<li>\n\t\t\t\t<h6>\n\t\t\t\t\t<a href=\"#tab-el-estudio\">\n\t\t\t\t\t\t\n\t\t\t\t\t\t\t\t\t\t\t\t\t<span class=\"qode-advanced-tab-text-after-icon\">\n\t\t\t\t\t\t\t\tEl estudio\t\t\t\t\t\t\t<\/span>\n\t\t\t\t\t\t\t\t\t\t\t<\/a>\n\t\t\t\t<\/h6>\n\t\t\t<\/li>\n\t\t\t\t\t<li>\n\t\t\t\t<h6>\n\t\t\t\t\t<a href=\"#tab-filosofia\">\n\t\t\t\t\t\t\n\t\t\t\t\t\t\t\t\t\t\t\t\t<span class=\"qode-advanced-tab-text-after-icon\">\n\t\t\t\t\t\t\t\tFilosof\u00eda\t\t\t\t\t\t\t<\/span>\n\t\t\t\t\t\t\t\t\t\t\t<\/a>\n\t\t\t\t<\/h6>\n\t\t\t<\/li>\n\t\t\t<\/ul>\n\t<div class=\"qode-advanced-tab-container\" id=\"tab-el-estudio-284\" data-icon-pack=\"\" data-icon-html=\"\">[vc_row_inner row_type=\u00bbrow\u00bb type=\u00bbfull_width\u00bb text_align=\u00bbleft\u00bb css_animation=\u00bb\u00bb el_class=\u00bbestudi_section2_inn1&#8243;][vc_column_inner width=\u00bb1\/2&#8243;][vc_column_text]CREARTE INTERIORS es un estudio de <strong>interiorismo<\/strong> enfocado desde una perspectiva art\u00edstica y cultural. Sus fundadoras, Julieta Cruoglio y Marta Duran, desarrollan proyectos multidisciplinarios con un fuerte contenido <strong>conceptual<\/strong>, buscando sinergias entre las diferentes disciplinas para generar propuestas innovadoras. Su principal misi\u00f3n es crear interiores que garanticen el <strong> bienestar de las personas<\/strong>.<\/p>\n<p>&nbsp;<\/p>\n<p><em>\u201cEl interior refleja la perspectiva del sujeto, su relaci\u00f3n consigo mismo y con el mundo.\u201d<\/em><\/p>\n<p><strong>Pierre Bourdieu<\/strong>[\/vc_column_text][\/vc_column_inner][vc_column_inner width=\u00bb1\/2&#8243;][vc_column_text]El espacio interior es entendido como el h\u00e1bitat donde los usuarios conviven y se desarrollan. Este <strong>ecosistema artificial<\/strong> debe satisfacer sus necesidades funcionales, estimular sus sentidos y enriquecerlo culturalmente.<\/p>\n<p>&nbsp;<\/p>\n<p>Cuando se proyecta un interior, se dise\u00f1a, tambi\u00e9n la <strong>experiencia de usuario<\/strong>, la relaci\u00f3n que se establece entre el espacio y sus habitantes. El dise\u00f1o de interiores, como disciplina, modela el comportamiento humano y es responsable del bienestar.[\/vc_column_text][\/vc_column_inner][\/vc_row_inner]<\/div><div class=\"qode-advanced-tab-container\" id=\"tab-filosofia-941\" data-icon-pack=\"\" data-icon-html=\"\">[vc_row_inner row_type=\u00bbrow\u00bb type=\u00bbfull_width\u00bb text_align=\u00bbleft\u00bb css_animation=\u00bb\u00bb el_class=\u00bbestudi_section2_inn1&#8243;][vc_column_inner width=\u00bb1\/2&#8243;][vc_column_text]En el estudio, la b\u00fasqueda de la creatividad surge del arte, los viajes, los h\u00e1bitos humanos y las singularidades de las diferentes culturas. Una exploraci\u00f3n constante entre las referencias de la historia del arte y la investigaci\u00f3n de soluciones innovadoras y creativas.[\/vc_column_text][vc_column_text]<\/p>\n<p>&nbsp;<\/p>\n<p><em>\u201cNo puedes cambiar el mundo, pero puedes dar ejemplo.<\/em><\/p>\n<p><strong>Alvar Aalto<\/strong>[\/vc_column_text][\/vc_column_inner][vc_column_inner width=\u00bb1\/2&#8243;][vc_column_text]Con una mirada curiosa y optimista hacia el futuro y conciencia medioambiental, en CREARTE INTERIORS se trabaja desde una perspectiva org\u00e1nica, basada en el aprovechamiento de las condiciones y recursos disponibles,<\/p>\n<p>[\/vc_column_text][vc_column_text]la convivencia arm\u00f3nica con la naturaleza y una manera de vida responsable. La <strong>sostenibilidad<\/strong> debe ser una forma intr\u00ednseca del dise\u00f1o de interiores de calidad.[\/vc_column_text][\/vc_column_inner][\/vc_row_inner]<\/div><\/div>[\/vc_column][\/vc_row][vc_row css_animation=\u00bb\u00bb row_type=\u00bbrow\u00bb use_row_as_full_screen_section=\u00bbno\u00bb type=\u00bbgrid\u00bb angled_section=\u00bbno\u00bb text_align=\u00bbleft\u00bb background_image_as_pattern=\u00bbwithout_pattern\u00bb css=\u00bb.vc_custom_1545129105717{background-position: center !important;background-repeat: no-repeat !important;background-size: cover !important;}\u00bb z_index=\u00bb\u00bb el_class=\u00bbestudi_section3&#8243;][vc_column offset=\u00bbvc_col-md-4&#8243; el_class=\u00bbestudi_section3_inn1&#8243;][vc_empty_space height=\u00bb49px\u00bb][vc_column_text]<\/p>\n<h2>Julieta<br \/>\nCruoglio<\/h2>\n<p>[\/vc_column_text][vc_empty_space height=\u00bb31px\u00bb][vc_column_text]<\/p>\n<h3>\u201cEl espacio interior es,<br \/>\ntodav\u00eda, nuestro refugio\u201d.<\/h3>\n<p>[\/vc_column_text][vc_empty_space height=\u00bb30px\u00bb][vc_column_text]<\/p>\n<h6 style=\"text-transform: none; font-weight: 400; margin-left: 10px;\">N\u00fam.\u00a0colegiada &#8211; 1436<\/h6>\n<p>[\/vc_column_text][\/vc_column][vc_column offset=\u00bbvc_col-md-8&#8243; el_class=\u00bbestudi_section3_inn2&#8243;][vc_empty_space height=\u00bb30px\u00bb][vc_single_image image=\u00bb15791&#8243; img_size=\u00bbfull\u00bb qode_css_animation=\u00bb\u00bb][vc_column_text el_class=\u00bbilloq\u00bb]Fundadora y directora creativa de CREARTE INTERIORS, es licenciada en Bellas Artes por la UB. Desarroll\u00f3 proyectos multidisciplinarios profundizando en las tecnolog\u00edas aplicadas al arte, el cine y la cultura. Se especializ\u00f3 en Dise\u00f1o de Interiores, ha colaborado con diferentes estudios de arquitectura, interiorismo y empresas de dise\u00f1o de mobiliario. Su experiencia la ha llevado a emprender su propio estudio donde ejerce de directora de proyectos, supervisando todas las fases de un dise\u00f1o, desde la conceptualizaci\u00f3n a la ejecuci\u00f3n.<\/p>\n<p>Cin\u00e9fila desde la infancia, es asidua a diferentes festivales cinematogr\u00e1ficos, as\u00ed como eventos y exposiciones de arte contempor\u00e1neo y dise\u00f1o en general.[\/vc_column_text][\/vc_column][\/vc_row][vc_row css_animation=\u00bb\u00bb row_type=\u00bbrow\u00bb use_row_as_full_screen_section=\u00bbno\u00bb type=\u00bbgrid\u00bb angled_section=\u00bbno\u00bb text_align=\u00bbleft\u00bb background_image_as_pattern=\u00bbwithout_pattern\u00bb css=\u00bb.vc_custom_1545129112659{background-position: center !important;background-repeat: no-repeat !important;background-size: cover !important;}\u00bb z_index=\u00bb\u00bb el_class=\u00bbestudi_section4&#8243;][vc_column offset=\u00bbvc_col-md-4&#8243; el_class=\u00bbestudi_section4_inn1&#8243;][vc_empty_space height=\u00bb49px\u00bb][vc_column_text]<\/p>\n<h2>Marta<br \/>\nDuran<\/h2>\n<p>[\/vc_column_text][vc_empty_space height=\u00bb31px\u00bb][vc_column_text]<\/p>\n<h3>\u00abDise\u00f1o, luego existo\u00bb.<\/h3>\n<p>[\/vc_column_text][vc_empty_space height=\u00bb30px\u00bb][vc_column_text]<\/p>\n<h6 style=\"text-transform: none; font-weight: 400; margin-left: 10px;\">N\u00fam.\u00a0colegiada &#8211; 1437<\/h6>\n<p>[\/vc_column_text][\/vc_column][vc_column offset=\u00bbvc_col-md-8&#8243; el_class=\u00bbestudi_section4_inn2&#8243;][vc_empty_space height=\u00bb30px\u00bb][vc_single_image image=\u00bb15785&#8243; img_size=\u00bbfull\u00bb qode_css_animation=\u00bb\u00bb][vc_column_text el_class=\u00bbilloq\u00bb]Fundadora y directora de proyectos de CREARTE INTERIORS. Su inter\u00e9s por las formas, las tramas, los vol\u00famenes y la belleza se origin\u00f3 en el dibujo art\u00edstico y la llev\u00f3 a graduarse como Dise\u00f1adora de Interiores. Complementariamente, se especializ\u00f3 en Dise\u00f1o Gr\u00e1fico y Fotograf\u00eda. Para ella, el dise\u00f1o es mucho m\u00e1s que una profesi\u00f3n, es su estilo de vida. Perfeccionista por naturaleza, cuida los detalles de cada proyecto, buscando la soluci\u00f3n m\u00e1s \u00f3ptima para cada cliente.<\/p>\n<p>Aficionada a la tecnolog\u00eda, busca con constancia los \u00faltimos avances, ya que para ella, la \u00fanica forma de vivir el futuro es introduciendo la innovaci\u00f3n en el presente.[\/vc_column_text][\/vc_column][\/vc_row]<\/p>\n<\/div>","protected":false},"excerpt":{"rendered":"<p>[vc_row css_animation=\u00bb\u00bb row_type=\u00bbrow\u00bb use_row_as_full_screen_section=\u00bbno\u00bb type=\u00bbgrid\u00bb angled_section=\u00bbno\u00bb text_align=\u00bbleft\u00bb background_image_as_pattern=\u00bbwithout_pattern\u00bb z_index=\u00bb\u00bb el_class=\u00bbestudi_section1&#8243;][vc_column offset=\u00bbvc_hidden-md vc_hidden-sm vc_hidden-xs\u00bb][qode_horizontal_marquee height=\u00bb609&#8243; spacing=\u00bb15&#8243;][qode_horizontal_marquee_item align=\u00bbbottom\u00bb width=\u00bb300&#8243;][qode_elements_holder number_of_columns=\u00bbone_column\u00bb][qode_elements_holder_item vertical_alignment=\u00bbmiddle\u00bb horizontal_alignment=\u00bbcenter\u00bb&#8230;<\/p>\n","protected":false},"author":2,"featured_media":0,"parent":0,"menu_order":0,"comment_status":"closed","ping_status":"closed","template":"full_width.php","meta":{"footnotes":""},"class_list":["post-15784","page","type-page","status-publish","hentry"],"yoast_head":"<!-- This site is optimized with the Yoast SEO plugin v26.5 - https:\/\/yoast.com\/wordpress\/plugins\/seo\/ -->\n<title>EL ESTUDIO - Crearte Interiors<\/title>\n<meta name=\"robots\" content=\"index, follow, max-snippet:-1, max-image-preview:large, max-video-preview:-1\" \/>\n<link rel=\"canonical\" href=\"https:\/\/crearteinteriors.es\/es\/el-estudio\/\" \/>\n<meta property=\"og:locale\" content=\"es_ES\" \/>\n<meta property=\"og:type\" content=\"article\" \/>\n<meta property=\"og:title\" content=\"EL ESTUDIO - Crearte Interiors\" \/>\n<meta property=\"og:description\" content=\"[vc_row css_animation=\u00bb\u00bb row_type=\u00bbrow\u00bb use_row_as_full_screen_section=\u00bbno\u00bb type=\u00bbgrid\u00bb angled_section=\u00bbno\u00bb text_align=\u00bbleft\u00bb background_image_as_pattern=\u00bbwithout_pattern\u00bb z_index=\u00bb\u00bb el_class=\u00bbestudi_section1&#8243;][vc_column offset=\u00bbvc_hidden-md vc_hidden-sm vc_hidden-xs\u00bb][qode_horizontal_marquee height=\u00bb609&#8243; spacing=\u00bb15&#8243;][qode_horizontal_marquee_item align=\u00bbbottom\u00bb width=\u00bb300&#8243;][qode_elements_holder number_of_columns=\u00bbone_column\u00bb][qode_elements_holder_item vertical_alignment=\u00bbmiddle\u00bb horizontal_alignment=\u00bbcenter\u00bb...\" \/>\n<meta property=\"og:url\" content=\"https:\/\/crearteinteriors.es\/es\/el-estudio\/\" \/>\n<meta property=\"og:site_name\" content=\"Crearte Interiors\" \/>\n<meta property=\"article:publisher\" content=\"https:\/\/www.facebook.com\/crearteinteriors\/\" \/>\n<meta property=\"article:modified_time\" content=\"2025-12-11T13:51:18+00:00\" \/>\n<meta name=\"twitter:card\" content=\"summary_large_image\" \/>\n<meta name=\"twitter:label1\" content=\"Tiempo de lectura\" \/>\n\t<meta name=\"twitter:data1\" content=\"6 minutos\" \/>\n<script type=\"application\/ld+json\" class=\"yoast-schema-graph\">{\"@context\":\"https:\/\/schema.org\",\"@graph\":[{\"@type\":\"WebPage\",\"@id\":\"https:\/\/crearteinteriors.es\/es\/el-estudio\/\",\"url\":\"https:\/\/crearteinteriors.es\/es\/el-estudio\/\",\"name\":\"EL ESTUDIO - Crearte Interiors\",\"isPartOf\":{\"@id\":\"https:\/\/crearteinteriors.es\/#website\"},\"datePublished\":\"2019-05-09T10:10:39+00:00\",\"dateModified\":\"2025-12-11T13:51:18+00:00\",\"breadcrumb\":{\"@id\":\"https:\/\/crearteinteriors.es\/es\/el-estudio\/#breadcrumb\"},\"inLanguage\":\"es\",\"potentialAction\":[{\"@type\":\"ReadAction\",\"target\":[\"https:\/\/crearteinteriors.es\/es\/el-estudio\/\"]}]},{\"@type\":\"BreadcrumbList\",\"@id\":\"https:\/\/crearteinteriors.es\/es\/el-estudio\/#breadcrumb\",\"itemListElement\":[{\"@type\":\"ListItem\",\"position\":1,\"name\":\"Inici\",\"item\":\"https:\/\/crearteinteriors.es\/es\/\"},{\"@type\":\"ListItem\",\"position\":2,\"name\":\"EL ESTUDIO\"}]},{\"@type\":\"WebSite\",\"@id\":\"https:\/\/crearteinteriors.es\/#website\",\"url\":\"https:\/\/crearteinteriors.es\/\",\"name\":\"Crearte Interiors\",\"description\":\"Estudi d\u2019interiorisme.\",\"publisher\":{\"@id\":\"https:\/\/crearteinteriors.es\/#organization\"},\"potentialAction\":[{\"@type\":\"SearchAction\",\"target\":{\"@type\":\"EntryPoint\",\"urlTemplate\":\"https:\/\/crearteinteriors.es\/?s={search_term_string}\"},\"query-input\":{\"@type\":\"PropertyValueSpecification\",\"valueRequired\":true,\"valueName\":\"search_term_string\"}}],\"inLanguage\":\"es\"},{\"@type\":\"Organization\",\"@id\":\"https:\/\/crearteinteriors.es\/#organization\",\"name\":\"Crearte Interiors\",\"url\":\"https:\/\/crearteinteriors.es\/\",\"logo\":{\"@type\":\"ImageObject\",\"inLanguage\":\"es\",\"@id\":\"https:\/\/crearteinteriors.es\/#\/schema\/logo\/image\/\",\"url\":\"https:\/\/crearteinteriors.es\/wp-content\/uploads\/2022\/12\/logo-quadrat_Bl.jpg\",\"contentUrl\":\"https:\/\/crearteinteriors.es\/wp-content\/uploads\/2022\/12\/logo-quadrat_Bl.jpg\",\"width\":2008,\"height\":2008,\"caption\":\"Crearte Interiors\"},\"image\":{\"@id\":\"https:\/\/crearteinteriors.es\/#\/schema\/logo\/image\/\"},\"sameAs\":[\"https:\/\/www.facebook.com\/crearteinteriors\/\",\"https:\/\/www.instagram.com\/crearteinteriors\/\"]}]}<\/script>\n<!-- \/ Yoast SEO plugin. -->","yoast_head_json":{"title":"EL ESTUDIO - Crearte Interiors","robots":{"index":"index","follow":"follow","max-snippet":"max-snippet:-1","max-image-preview":"max-image-preview:large","max-video-preview":"max-video-preview:-1"},"canonical":"https:\/\/crearteinteriors.es\/es\/el-estudio\/","og_locale":"es_ES","og_type":"article","og_title":"EL ESTUDIO - Crearte Interiors","og_description":"[vc_row css_animation=\u00bb\u00bb row_type=\u00bbrow\u00bb use_row_as_full_screen_section=\u00bbno\u00bb type=\u00bbgrid\u00bb angled_section=\u00bbno\u00bb text_align=\u00bbleft\u00bb background_image_as_pattern=\u00bbwithout_pattern\u00bb z_index=\u00bb\u00bb el_class=\u00bbestudi_section1&#8243;][vc_column offset=\u00bbvc_hidden-md vc_hidden-sm vc_hidden-xs\u00bb][qode_horizontal_marquee height=\u00bb609&#8243; spacing=\u00bb15&#8243;][qode_horizontal_marquee_item align=\u00bbbottom\u00bb width=\u00bb300&#8243;][qode_elements_holder number_of_columns=\u00bbone_column\u00bb][qode_elements_holder_item vertical_alignment=\u00bbmiddle\u00bb horizontal_alignment=\u00bbcenter\u00bb...","og_url":"https:\/\/crearteinteriors.es\/es\/el-estudio\/","og_site_name":"Crearte Interiors","article_publisher":"https:\/\/www.facebook.com\/crearteinteriors\/","article_modified_time":"2025-12-11T13:51:18+00:00","twitter_card":"summary_large_image","twitter_misc":{"Tiempo de lectura":"6 minutos"},"schema":{"@context":"https:\/\/schema.org","@graph":[{"@type":"WebPage","@id":"https:\/\/crearteinteriors.es\/es\/el-estudio\/","url":"https:\/\/crearteinteriors.es\/es\/el-estudio\/","name":"EL ESTUDIO - Crearte Interiors","isPartOf":{"@id":"https:\/\/crearteinteriors.es\/#website"},"datePublished":"2019-05-09T10:10:39+00:00","dateModified":"2025-12-11T13:51:18+00:00","breadcrumb":{"@id":"https:\/\/crearteinteriors.es\/es\/el-estudio\/#breadcrumb"},"inLanguage":"es","potentialAction":[{"@type":"ReadAction","target":["https:\/\/crearteinteriors.es\/es\/el-estudio\/"]}]},{"@type":"BreadcrumbList","@id":"https:\/\/crearteinteriors.es\/es\/el-estudio\/#breadcrumb","itemListElement":[{"@type":"ListItem","position":1,"name":"Inici","item":"https:\/\/crearteinteriors.es\/es\/"},{"@type":"ListItem","position":2,"name":"EL ESTUDIO"}]},{"@type":"WebSite","@id":"https:\/\/crearteinteriors.es\/#website","url":"https:\/\/crearteinteriors.es\/","name":"Crearte Interiors","description":"Estudi d\u2019interiorisme.","publisher":{"@id":"https:\/\/crearteinteriors.es\/#organization"},"potentialAction":[{"@type":"SearchAction","target":{"@type":"EntryPoint","urlTemplate":"https:\/\/crearteinteriors.es\/?s={search_term_string}"},"query-input":{"@type":"PropertyValueSpecification","valueRequired":true,"valueName":"search_term_string"}}],"inLanguage":"es"},{"@type":"Organization","@id":"https:\/\/crearteinteriors.es\/#organization","name":"Crearte Interiors","url":"https:\/\/crearteinteriors.es\/","logo":{"@type":"ImageObject","inLanguage":"es","@id":"https:\/\/crearteinteriors.es\/#\/schema\/logo\/image\/","url":"https:\/\/crearteinteriors.es\/wp-content\/uploads\/2022\/12\/logo-quadrat_Bl.jpg","contentUrl":"https:\/\/crearteinteriors.es\/wp-content\/uploads\/2022\/12\/logo-quadrat_Bl.jpg","width":2008,"height":2008,"caption":"Crearte Interiors"},"image":{"@id":"https:\/\/crearteinteriors.es\/#\/schema\/logo\/image\/"},"sameAs":["https:\/\/www.facebook.com\/crearteinteriors\/","https:\/\/www.instagram.com\/crearteinteriors\/"]}]}},"_links":{"self":[{"href":"https:\/\/crearteinteriors.es\/es\/wp-json\/wp\/v2\/pages\/15784","targetHints":{"allow":["GET"]}}],"collection":[{"href":"https:\/\/crearteinteriors.es\/es\/wp-json\/wp\/v2\/pages"}],"about":[{"href":"https:\/\/crearteinteriors.es\/es\/wp-json\/wp\/v2\/types\/page"}],"author":[{"embeddable":true,"href":"https:\/\/crearteinteriors.es\/es\/wp-json\/wp\/v2\/users\/2"}],"replies":[{"embeddable":true,"href":"https:\/\/crearteinteriors.es\/es\/wp-json\/wp\/v2\/comments?post=15784"}],"version-history":[{"count":8,"href":"https:\/\/crearteinteriors.es\/es\/wp-json\/wp\/v2\/pages\/15784\/revisions"}],"predecessor-version":[{"id":17998,"href":"https:\/\/crearteinteriors.es\/es\/wp-json\/wp\/v2\/pages\/15784\/revisions\/17998"}],"wp:attachment":[{"href":"https:\/\/crearteinteriors.es\/es\/wp-json\/wp\/v2\/media?parent=15784"}],"curies":[{"name":"wp","href":"https:\/\/api.w.org\/{rel}","templated":true}]}}