{"id":15955,"date":"2019-05-09T13:35:32","date_gmt":"2019-05-09T13:35:32","guid":{"rendered":"http:\/\/crearteinteriors.es\/aviso-legal-y-politica-de-privacidad\/"},"modified":"2020-03-27T17:12:07","modified_gmt":"2020-03-27T17:12:07","slug":"aviso-legal-y-politica-de-privacidad","status":"publish","type":"page","link":"https:\/\/crearteinteriors.es\/es\/aviso-legal-y-politica-de-privacidad\/","title":{"rendered":"Aviso Legal y Poli\u0301tica de Privacidad"},"content":{"rendered":"<div class=\"wpb-content-wrapper\"><p>[vc_row css_animation=\u00bb\u00bb row_type=\u00bbrow\u00bb use_row_as_full_screen_section=\u00bbno\u00bb type=\u00bbfull_width\u00bb angled_section=\u00bbno\u00bb text_align=\u00bbleft\u00bb background_image_as_pattern=\u00bbwithout_pattern\u00bb el_class=\u00bblegal_section1&#8243; z_index=\u00bb\u00bb][vc_column][vc_column_text]<\/p>\n<h2>Datos identificativos del titular de la web<\/h2>\n<p>La p\u00e1gina Web \u00ab<strong>www.crearteinteriors.es<\/strong>\u00bb es titularidad de\u00a0<strong>EMPRESA <\/strong>y cumple con los requisitos derivados de la Ley 34\/2002, de 11 de julio, de Servicios de la Sociedad de la Informaci\u00f3n y de Comercio Electr\u00f3nico, del Real Decreto-ley 13\/2012, de 30 de marzo, as\u00ed como de las obligaci\u00f3n de Informaci\u00f3n al usuario contemplada en la Ley Org\u00e1nica 15\/1999, de 13 de diciembre, de Protecci\u00f3n de Datos de Car\u00e1cter Personal.<\/p>\n<p>Raz\u00f3n Social: <strong>Julieta Cruoglio<\/strong><\/p>\n<p>Domicilio social: <strong>Carrer Sant Antoni 24, 1\u00ba C.P. 08800, Vilanova i la Geltr\u00fa, Barcelona<\/strong><\/p>\n<p>C.I.F N\u00ba: <strong>X-5052988-A<\/strong><\/p>\n<p>Tel\u00e9fono: <strong>658553405<\/strong><\/p>\n<p>Correo electr\u00f3nico:\u00a0<strong> <a href=\"mailto:crearteinteriors@gmail.com\">crearteinteriors@gmail.com<\/a><\/strong><\/p>\n<h2>Condiciones de utilizaci\u00f3n<\/h2>\n<p>El usuario se compromete a que, en los apartados en que sea necesario que se registre para poder acceder a los mismos, facilitar datos veraces, exactos y completos sobre su identidad. Adem\u00e1s, se compromete a mantener actualizados los datos personales que pudieran ser proporcionados al titular del dominio, por lo tanto, \u00fanico responsable de las falsedades o inexactitudes que realice.<\/p>\n<p>Se informa que en caso de ser menor de edad deber\u00e1 obtener el permiso de sus padres, tutores o representantes legales para poder acceder a los servicios prestados.\u00a0<strong>EMPRESA\u00a0 <\/strong>no se responsabiliza en el caso de que los datos sobre este tema sean inexactos o falsos.<\/p>\n<h2>Pol\u00edtica de privacidad<\/h2>\n<p>De acuerdo con la normativa vigente en materia de protecci\u00f3n de datos as\u00ed como en materia de servicios de la sociedad de la informaci\u00f3n y de comercio electr\u00f3nico, el usuario acepta que los datos personales aportados en la Web, o cualquier otro facilitado a\u00a0<strong>EMPRESA.<\/strong>\u00a0para su acceso a algunos de los servicios sean incorporados a ficheros titularidad de\u00a0<strong>EMPRESA<\/strong>, con la finalidad de facilitar la prestaci\u00f3n de los servicios solicitados, para la correcta identificaci\u00f3n de los usuarios que solicitan servicios personalizados en la Web, para la gesti\u00f3n de tareas b\u00e1sicas de administraci\u00f3n, as\u00ed como para mantenerle informado, bien por correo electr\u00f3nico bien por cualquier otro medio, de novedades, productos y servicios relacionados con\u00a0<strong>EMPRESA<\/strong>\u00a0En el caso de comunicaciones comerciales a trav\u00e9s de correo electr\u00f3nico o medio equivalente, el usuario presta su consentimiento expreso para el env\u00edo de publicidad a trav\u00e9s de dicho medio.<\/p>\n<p><strong>EMPRESA<\/strong> se compromete al cumplimiento de su obligaci\u00f3n de secreto de los datos de car\u00e1cter personal y de su deber de tratarlos con confidencialidad, y asume, a estos efectos, las medidas de \u00edndole t\u00e9cnica, organizativa y de seguridad necesarias para evitar su alteraci\u00f3n, p\u00e9rdida, tratamiento o acceso no autorizado, de acuerdo con lo establecido en el\u00a0Reglamento (UE) 2016\/679, del 27 de abril de 2016, Reglamento General de Protecci\u00f3n de Datos (RGPD), y dem\u00e1s legislaci\u00f3n aplicable. El usuario responder\u00e1, en cualquier caso, de la veracidad de los datos facilitados, reserv\u00e1ndose\u00a0<strong>EMPRESA<\/strong>\u00a0el derecho a excluir de los servicios registrados a todo usuario que haya facilitado datos falsos, sin perjuicio de las dem\u00e1s acciones que procedan en Derecho.<\/p>\n<p>En cumplimiento de lo establecido en el Reglamento General de Protecci\u00f3n de Datos, el usuario podr\u00e1 ejercer sus derechos de acceso, rectificaci\u00f3n, cancelaci\u00f3n\/supresi\u00f3n, oposici\u00f3n, limitaci\u00f3n o portabilidad, mediante un escrito, acreditando su identidad, mediante fotocopia del DNI, y especificando el derecho a ejercitar, Raz\u00f3n Social:\u00a0<strong>direcci\u00f3n empresa o email empresa.<\/strong><\/p>\n<h2>Uso de Datos<\/h2>\n<p>Los usuarios aceptan expresamente y de forma libre e inequ\u00edvoca que sus datos personales sean tratados por parte de <strong>web.com<\/strong> para realizar las siguientes finalidades:.<\/p>\n<p>Realizar estudios estad\u00edsticos.<\/p>\n<p>Tramitar encargos, solicitudes o cualquier tipo de petici\u00f3n que sea realizada por el usuario a trav\u00e9s de cualquiera de las formas de contacto que se ponen a disposici\u00f3n del usuario en este sitio web.<\/p>\n<p><strong>EMPRESA<\/strong>\u00a0informa y garantiza expresamente a los usuarios que nunca vender\u00e1, arrendar\u00e1, compartir\u00e1 o de alguna otra manera distribuir\u00e1 o pondr\u00e1 sus datos a disposici\u00f3n de terceras personas y que siempre que fuera a realizarse alg\u00fan tipo de cesi\u00f3n de datos personales, de forma previa, se solicitar\u00eda el consentimiento expreso, informado, e inequ\u00edvoco por parte de los titulares.<\/p>\n<p><strong>Retenci\u00f3n de datos<\/strong><\/p>\n<p>Los datos personales proporcionados se conservar\u00e1n mientras se mantenga la relaci\u00f3n comercial y no se solicite su supresi\u00f3n.<\/p>\n<p>Posteriormente a la misma, se conservar\u00e1n durante los plazos legalmente exigidos (salvo, en ambos casos, que el tratamiento se basase en el consentimiento del Usuario y \u00e9ste lo revocase, en cuyo caso se conservar\u00e1n hasta que se reciba tal revocaci\u00f3n).<\/p>\n<p>Por lo tanto, podemos garantizar que sus datos no se conservar\u00e1n m\u00e1s tiempo del necesario para los fines descritos anteriormente, sin perjuicio de la conservaci\u00f3n que resultase necesaria para la formulaci\u00f3n, el ejercicio o la defensa de potenciales reclamaciones y\/o siempre que lo permitiese la legislaci\u00f3n aplicable.<\/p>\n<p><strong>Legitimaci\u00f3n<\/strong><\/p>\n<p>El tratamiento de los datos de los usuarios se realiza con las siguientes bases jur\u00eddicas que legitiman el mismo:<\/p>\n<p>La solicitud de informaci\u00f3n y\/o la contrataci\u00f3n de los servicios, cuyos t\u00e9rminos y condiciones se pondr\u00e1n a disposici\u00f3n del usuario en todo caso, de forma previa.<\/p>\n<p>El consentimiento libre, espec\u00edfico, informado e inequ\u00edvoco del usuario que, mediante la presente pol\u00edtica de privacidad, y tras la lectura de la misma, en caso de conformidad, puede aceptar mediante una declaraci\u00f3n o una clara acci\u00f3n afirmativa, como el marcado de una casilla dispuesta al efecto.<\/p>\n<p><strong>Destinatarios<\/strong><\/p>\n<p>Sus datos personales no ser\u00e1n comunicados a ning\u00fan tercero, salvo que estemos obligados legalmente a hacerlo, es decir, recibamos un requerimiento administrativo o judicial que nos obligara a comunicar sus datos a una autoridad administrativa o judicial, en cuyo caso \u00fanicamente comunicaremos los datos a los que estar\u00edamos estrictamente obligados.<\/p>\n<p>Lo anterior es sin perjuicio de los proveedores a los que podemos recurrir para la prestaci\u00f3n de los servicios solicitados y que, en todo caso, los tratar\u00e1n en su condici\u00f3n de encargados del tratamiento \u00fanica y exclusivamente para la prestaci\u00f3n de los servicios.<\/p>\n<p>En caso de encontrarse \u00e9stos fuera del Espacio Econ\u00f3mico Europeo, intentaremos utilizar proveedores ubicados en territorios que ofrezcan un nivel adecuado de protecci\u00f3n de datos y de encontrarse \u00e9stos fuera, ofreceremos las garant\u00edas adecuadas a trav\u00e9s de la utilizaci\u00f3n de las cl\u00e1usulas tipo de protecci\u00f3n de datos adoptadas por la Comisi\u00f3n que garanticen que Usted cuente con derechos exigibles y acciones legales efectivas.<\/p>\n<p><strong>Derechos de los usuarios<\/strong><\/p>\n<p>Acceso, rectificaci\u00f3n y supresi\u00f3n:\u00a0Usted tiene derecho en cualquier momento a solicitar el acceso a sus datos personales, solicitar la rectificaci\u00f3n de los datos inexactos as\u00ed como solicitar su supresi\u00f3n.<\/p>\n<p>Adem\u00e1s de los anteriores derechos, el Usuario tendr\u00e1 derecho a retirar el consentimiento otorgado en cualquier momento mediante el procedimiento m\u00e1s arriba descrito, sin que dicha retirada del consentimiento afecte a la licitud del tratamiento anterior a la retirada del mismo.<\/p>\n<p><strong>EMPRESA\u00a0<\/strong>podr\u00e1 continuar tratando los datos del Usuario en la medida en que la ley aplicable lo permita.<\/p>\n<p><strong>EMPRESA<\/strong>\u00a0recuerda al Usuario que tiene derecho a presentar una reclamaci\u00f3n ante la autoridad de control pertinente.<\/p>\n<p>Limitaci\u00f3n y portabilidad:\u00a0En determinadas ocasiones, puede tener derecho a solicitar la limitaci\u00f3n del tratamiento de sus datos, en cuyo caso \u00fanicamente los conservaremos para el ejercicio o defensa de reclamaciones as\u00ed como a solicitar la portabilidad de sus datos.<\/p>\n<h2>Propiedad intelectual e industrial sobre los contenidos de la p\u00e1gina.<\/h2>\n<p>Todos los elementos que forman el sitio web, as\u00ed como la estructura, dise\u00f1o y c\u00f3digo fuente de la misma, son titularidad del autor citado y est\u00e1n protegidos por la normativa de propiedad intelectual e industrial. Las fotograf\u00eda alojadas en esta web corresponden en su total propiedad a los autores citados junto a ellas.<\/p>\n<p>No se podr\u00e1n realizar actos de reproducci\u00f3n, modificaci\u00f3n, distribuci\u00f3n o comunicaci\u00f3n p\u00fablica del sitio web o alguno de sus elementos sin el previo consentimiento de esta web.<\/p>\n<p>Los usuarios del sitio web \u00fanicamente podr\u00e1n realizar un uso privado y personal de los contenidos de \u00e9ste.<\/p>\n<p>Est\u00e1 absolutamente prohibido, el uso del sitio web o de alguno de sus elementos con fines comerciales o il\u00edcitos.<\/p>\n<p>Esta web no asumir\u00e1 ninguna responsabilidad derivada del uso por terceros del contenido del sitio web y podr\u00e1 ejercitar todas las acciones civiles o penales que le correspondan en caso de infracci\u00f3n de estos derechos por parte del usuario.<\/p>\n<h2>Modificaciones.<\/h2>\n<p>Con el fin de mejorar las prestaciones del sitio web, se reserva el derecho, en cualquier momento y sin previa notificaci\u00f3n al usuario, a modificar ampliar o suspender temporalmente la presentaci\u00f3n, configuraci\u00f3n, especificaciones t\u00e9cnicas y servicios del sitio web, de forma unilateral.<\/p>\n<p>Asimismo se reserva el derecho de modificar en cualquier momento las presentes condiciones de uso as\u00ed como cualesquiera otras condiciones particulares.<\/p>\n<h2>Exclusi\u00f3n de responsabilidad.<\/h2>\n<p>Esta web no se responsabiliza de los eventuales errores tipogr\u00e1ficos, formales o num\u00e9ricos que pueda contener el sitio web, ni de la exactitud de la informaci\u00f3n contenida en \u00e9l, as\u00ed como tampoco lo hace de opiniones identificadas o an\u00f3nimas vertidas por personas y\/o entidades en este website. En caso de alquiler, arrendamiento parcial y\/o total y venta de dicha web excluimos todo tipo de responsabilidad del contenido y veracidad en ella insertado, siendo la responsabilidad total y absoluta por parte del comprador\/arrendatario.<\/p>\n<h2>Hiperenlaces.<\/h2>\n<p>Por los hiperenlaces contenidos en el sitio web que pueden dirigir a p\u00e1ginas web de terceros, no se asume ninguna responsabilidad por el contenido, informaciones o servicios que pudieran aparecer en dichos sitios, que tendr\u00e1n exclusivamente car\u00e1cter informativo y que en ning\u00fan caso implican relaci\u00f3n alguna entre esta web y a las personas o entidades titulares de tales contenidos o titulares de los sitios donde se encuentren.<\/p>\n<h2>Ley Aplicable y Jurisdicci\u00f3n<\/h2>\n<p>Las presentes Condiciones de Uso se rigen por la legislaci\u00f3n vigente. En caso de disputa o controversia relacionada con la aplicaci\u00f3n o interpretaci\u00f3n de las mismas, las partes se someter\u00e1n a los Juzgados y Tribunales que resulten territorialmente competentes de conformidad con la legislaci\u00f3n vigente.<\/p>\n<p>En todo caso, te informamos que tienes derecho a solicitar la resoluci\u00f3n extrajudicial de controversias en materia de consumo accesible a trav\u00e9s de la direcci\u00f3n de Internet:<\/p>\n<p><a href=\"https:\/\/webgate.ec.europa.eu\/odr\/main\/index.cfm?event=main.home.chooseLanguage.\">https:\/\/webgate.ec.europa.eu\/odr\/main\/index.cfm?event=main.home.chooseLanguage.<\/a><\/p>\n<p>No obstante, previo a proceder a utilizar este medio ponemos a tu disposici\u00f3n la siguiente direcci\u00f3n de correo electr\u00f3nico\u00a0<strong>email empresa <\/strong>para que nos hagas llegar tus posibles quejas o controversias.[\/vc_column_text][\/vc_column][\/vc_row]<\/p>\n<\/div>","protected":false},"excerpt":{"rendered":"<p>[vc_row css_animation=\u00bb\u00bb row_type=\u00bbrow\u00bb use_row_as_full_screen_section=\u00bbno\u00bb type=\u00bbfull_width\u00bb angled_section=\u00bbno\u00bb text_align=\u00bbleft\u00bb background_image_as_pattern=\u00bbwithout_pattern\u00bb el_class=\u00bblegal_section1&#8243; z_index=\u00bb\u00bb][vc_column][vc_column_text] Datos identificativos del titular de la web La p\u00e1gina Web&#8230;<\/p>\n","protected":false},"author":2,"featured_media":0,"parent":0,"menu_order":0,"comment_status":"closed","ping_status":"closed","template":"","meta":{"footnotes":""},"class_list":["post-15955","page","type-page","status-publish","hentry"],"yoast_head":"<!-- This site is optimized with the Yoast SEO plugin v26.5 - https:\/\/yoast.com\/wordpress\/plugins\/seo\/ -->\n<title>Aviso Legal y Poli\u0301tica de Privacidad - Crearte Interiors<\/title>\n<meta name=\"robots\" content=\"index, nofollow, max-snippet:-1, max-image-preview:large, max-video-preview:-1\" \/>\n<link rel=\"canonical\" href=\"https:\/\/crearteinteriors.es\/es\/aviso-legal-y-politica-de-privacidad\/\" \/>\n<meta property=\"og:locale\" content=\"es_ES\" \/>\n<meta property=\"og:type\" content=\"article\" \/>\n<meta property=\"og:title\" content=\"Aviso Legal y Poli\u0301tica de Privacidad - Crearte Interiors\" \/>\n<meta property=\"og:description\" content=\"[vc_row css_animation=\u00bb\u00bb row_type=\u00bbrow\u00bb use_row_as_full_screen_section=\u00bbno\u00bb type=\u00bbfull_width\u00bb angled_section=\u00bbno\u00bb text_align=\u00bbleft\u00bb background_image_as_pattern=\u00bbwithout_pattern\u00bb el_class=\u00bblegal_section1&#8243; z_index=\u00bb\u00bb][vc_column][vc_column_text] Datos identificativos del titular de la web La p\u00e1gina Web...\" \/>\n<meta property=\"og:url\" content=\"https:\/\/crearteinteriors.es\/es\/aviso-legal-y-politica-de-privacidad\/\" \/>\n<meta property=\"og:site_name\" content=\"Crearte Interiors\" \/>\n<meta property=\"article:publisher\" content=\"https:\/\/www.facebook.com\/crearteinteriors\/\" \/>\n<meta property=\"article:modified_time\" content=\"2020-03-27T17:12:07+00:00\" \/>\n<meta name=\"twitter:card\" content=\"summary_large_image\" \/>\n<meta name=\"twitter:label1\" content=\"Tiempo de lectura\" \/>\n\t<meta name=\"twitter:data1\" content=\"9 minutos\" \/>\n<script type=\"application\/ld+json\" class=\"yoast-schema-graph\">{\"@context\":\"https:\/\/schema.org\",\"@graph\":[{\"@type\":\"WebPage\",\"@id\":\"https:\/\/crearteinteriors.es\/es\/aviso-legal-y-politica-de-privacidad\/\",\"url\":\"https:\/\/crearteinteriors.es\/es\/aviso-legal-y-politica-de-privacidad\/\",\"name\":\"Aviso Legal y Poli\u0301tica de Privacidad - Crearte Interiors\",\"isPartOf\":{\"@id\":\"https:\/\/crearteinteriors.es\/#website\"},\"datePublished\":\"2019-05-09T13:35:32+00:00\",\"dateModified\":\"2020-03-27T17:12:07+00:00\",\"breadcrumb\":{\"@id\":\"https:\/\/crearteinteriors.es\/es\/aviso-legal-y-politica-de-privacidad\/#breadcrumb\"},\"inLanguage\":\"es\",\"potentialAction\":[{\"@type\":\"ReadAction\",\"target\":[\"https:\/\/crearteinteriors.es\/es\/aviso-legal-y-politica-de-privacidad\/\"]}]},{\"@type\":\"BreadcrumbList\",\"@id\":\"https:\/\/crearteinteriors.es\/es\/aviso-legal-y-politica-de-privacidad\/#breadcrumb\",\"itemListElement\":[{\"@type\":\"ListItem\",\"position\":1,\"name\":\"Inici\",\"item\":\"https:\/\/crearteinteriors.es\/es\/\"},{\"@type\":\"ListItem\",\"position\":2,\"name\":\"Aviso Legal y Poli\u0301tica de Privacidad\"}]},{\"@type\":\"WebSite\",\"@id\":\"https:\/\/crearteinteriors.es\/#website\",\"url\":\"https:\/\/crearteinteriors.es\/\",\"name\":\"Crearte Interiors\",\"description\":\"Estudi d\u2019interiorisme.\",\"publisher\":{\"@id\":\"https:\/\/crearteinteriors.es\/#organization\"},\"potentialAction\":[{\"@type\":\"SearchAction\",\"target\":{\"@type\":\"EntryPoint\",\"urlTemplate\":\"https:\/\/crearteinteriors.es\/?s={search_term_string}\"},\"query-input\":{\"@type\":\"PropertyValueSpecification\",\"valueRequired\":true,\"valueName\":\"search_term_string\"}}],\"inLanguage\":\"es\"},{\"@type\":\"Organization\",\"@id\":\"https:\/\/crearteinteriors.es\/#organization\",\"name\":\"Crearte Interiors\",\"url\":\"https:\/\/crearteinteriors.es\/\",\"logo\":{\"@type\":\"ImageObject\",\"inLanguage\":\"es\",\"@id\":\"https:\/\/crearteinteriors.es\/#\/schema\/logo\/image\/\",\"url\":\"https:\/\/crearteinteriors.es\/wp-content\/uploads\/2022\/12\/logo-quadrat_Bl.jpg\",\"contentUrl\":\"https:\/\/crearteinteriors.es\/wp-content\/uploads\/2022\/12\/logo-quadrat_Bl.jpg\",\"width\":2008,\"height\":2008,\"caption\":\"Crearte Interiors\"},\"image\":{\"@id\":\"https:\/\/crearteinteriors.es\/#\/schema\/logo\/image\/\"},\"sameAs\":[\"https:\/\/www.facebook.com\/crearteinteriors\/\",\"https:\/\/www.instagram.com\/crearteinteriors\/\"]}]}<\/script>\n<!-- \/ Yoast SEO plugin. -->","yoast_head_json":{"title":"Aviso Legal y Poli\u0301tica de Privacidad - Crearte Interiors","robots":{"index":"index","follow":"nofollow","max-snippet":"max-snippet:-1","max-image-preview":"max-image-preview:large","max-video-preview":"max-video-preview:-1"},"canonical":"https:\/\/crearteinteriors.es\/es\/aviso-legal-y-politica-de-privacidad\/","og_locale":"es_ES","og_type":"article","og_title":"Aviso Legal y Poli\u0301tica de Privacidad - Crearte Interiors","og_description":"[vc_row css_animation=\u00bb\u00bb row_type=\u00bbrow\u00bb use_row_as_full_screen_section=\u00bbno\u00bb type=\u00bbfull_width\u00bb angled_section=\u00bbno\u00bb text_align=\u00bbleft\u00bb background_image_as_pattern=\u00bbwithout_pattern\u00bb el_class=\u00bblegal_section1&#8243; z_index=\u00bb\u00bb][vc_column][vc_column_text] Datos identificativos del titular de la web La p\u00e1gina Web...","og_url":"https:\/\/crearteinteriors.es\/es\/aviso-legal-y-politica-de-privacidad\/","og_site_name":"Crearte Interiors","article_publisher":"https:\/\/www.facebook.com\/crearteinteriors\/","article_modified_time":"2020-03-27T17:12:07+00:00","twitter_card":"summary_large_image","twitter_misc":{"Tiempo de lectura":"9 minutos"},"schema":{"@context":"https:\/\/schema.org","@graph":[{"@type":"WebPage","@id":"https:\/\/crearteinteriors.es\/es\/aviso-legal-y-politica-de-privacidad\/","url":"https:\/\/crearteinteriors.es\/es\/aviso-legal-y-politica-de-privacidad\/","name":"Aviso Legal y Poli\u0301tica de Privacidad - Crearte Interiors","isPartOf":{"@id":"https:\/\/crearteinteriors.es\/#website"},"datePublished":"2019-05-09T13:35:32+00:00","dateModified":"2020-03-27T17:12:07+00:00","breadcrumb":{"@id":"https:\/\/crearteinteriors.es\/es\/aviso-legal-y-politica-de-privacidad\/#breadcrumb"},"inLanguage":"es","potentialAction":[{"@type":"ReadAction","target":["https:\/\/crearteinteriors.es\/es\/aviso-legal-y-politica-de-privacidad\/"]}]},{"@type":"BreadcrumbList","@id":"https:\/\/crearteinteriors.es\/es\/aviso-legal-y-politica-de-privacidad\/#breadcrumb","itemListElement":[{"@type":"ListItem","position":1,"name":"Inici","item":"https:\/\/crearteinteriors.es\/es\/"},{"@type":"ListItem","position":2,"name":"Aviso Legal y Poli\u0301tica de Privacidad"}]},{"@type":"WebSite","@id":"https:\/\/crearteinteriors.es\/#website","url":"https:\/\/crearteinteriors.es\/","name":"Crearte Interiors","description":"Estudi d\u2019interiorisme.","publisher":{"@id":"https:\/\/crearteinteriors.es\/#organization"},"potentialAction":[{"@type":"SearchAction","target":{"@type":"EntryPoint","urlTemplate":"https:\/\/crearteinteriors.es\/?s={search_term_string}"},"query-input":{"@type":"PropertyValueSpecification","valueRequired":true,"valueName":"search_term_string"}}],"inLanguage":"es"},{"@type":"Organization","@id":"https:\/\/crearteinteriors.es\/#organization","name":"Crearte Interiors","url":"https:\/\/crearteinteriors.es\/","logo":{"@type":"ImageObject","inLanguage":"es","@id":"https:\/\/crearteinteriors.es\/#\/schema\/logo\/image\/","url":"https:\/\/crearteinteriors.es\/wp-content\/uploads\/2022\/12\/logo-quadrat_Bl.jpg","contentUrl":"https:\/\/crearteinteriors.es\/wp-content\/uploads\/2022\/12\/logo-quadrat_Bl.jpg","width":2008,"height":2008,"caption":"Crearte Interiors"},"image":{"@id":"https:\/\/crearteinteriors.es\/#\/schema\/logo\/image\/"},"sameAs":["https:\/\/www.facebook.com\/crearteinteriors\/","https:\/\/www.instagram.com\/crearteinteriors\/"]}]}},"_links":{"self":[{"href":"https:\/\/crearteinteriors.es\/es\/wp-json\/wp\/v2\/pages\/15955","targetHints":{"allow":["GET"]}}],"collection":[{"href":"https:\/\/crearteinteriors.es\/es\/wp-json\/wp\/v2\/pages"}],"about":[{"href":"https:\/\/crearteinteriors.es\/es\/wp-json\/wp\/v2\/types\/page"}],"author":[{"embeddable":true,"href":"https:\/\/crearteinteriors.es\/es\/wp-json\/wp\/v2\/users\/2"}],"replies":[{"embeddable":true,"href":"https:\/\/crearteinteriors.es\/es\/wp-json\/wp\/v2\/comments?post=15955"}],"version-history":[{"count":2,"href":"https:\/\/crearteinteriors.es\/es\/wp-json\/wp\/v2\/pages\/15955\/revisions"}],"predecessor-version":[{"id":16691,"href":"https:\/\/crearteinteriors.es\/es\/wp-json\/wp\/v2\/pages\/15955\/revisions\/16691"}],"wp:attachment":[{"href":"https:\/\/crearteinteriors.es\/es\/wp-json\/wp\/v2\/media?parent=15955"}],"curies":[{"name":"wp","href":"https:\/\/api.w.org\/{rel}","templated":true}]}}