{"id":15957,"date":"2019-05-09T13:35:59","date_gmt":"2019-05-09T13:35:59","guid":{"rendered":"http:\/\/crearteinteriors.es\/politica-de-cookies\/"},"modified":"2019-05-09T13:36:00","modified_gmt":"2019-05-09T13:36:00","slug":"politica-de-cookies","status":"publish","type":"page","link":"https:\/\/crearteinteriors.es\/es\/politica-de-cookies\/","title":{"rendered":"Poli\u0301tica de cookies"},"content":{"rendered":"<div class=\"wpb-content-wrapper\"><p>[vc_row css_animation=\u00bb\u00bb row_type=\u00bbrow\u00bb use_row_as_full_screen_section=\u00bbno\u00bb type=\u00bbfull_width\u00bb angled_section=\u00bbno\u00bb text_align=\u00bbleft\u00bb background_image_as_pattern=\u00bbwithout_pattern\u00bb el_class=\u00bblegal_section1&#8243; z_index=\u00bb\u00bb][vc_column][vc_column_text]<\/p>\n<h2>INFORMACI\u00d3N<strong> CORPORATIVA<\/strong><\/h2>\n<p>A fin de dar cumplimiento a lo dispuesto en el art\u00edculo 22 de la Ley 34\/2002, de 11 de julio, de servicios de la sociedad de la informaci\u00f3n y de comercio electr\u00f3nico, le informamos que el sitioweb <u>[www web]<\/u>\u00a0(en adelante, el \u201c<strong>Website<\/strong>\u201d) utiliza cookies propias y de terceros para ofrecerle una mejor experiencia y servicio. Al navegar o utilizar nuestros servicios el usuario acepta el uso que hacemos de las cookies. Sin embargo, el usuario tiene la opci\u00f3n de impedir la generaci\u00f3n de cookies y la eliminaci\u00f3n de las mismas mediante la selecci\u00f3n de la correspondiente opci\u00f3n en su Navegador.\u00a0En caso de bloquear el uso de cookies en su navegador es posible que algunos servicios o funcionalidades del Website no est\u00e9n disponibles.<\/p>\n<p>&nbsp;<\/p>\n<h2><\/h2>\n<h2>\u00bfQu\u00e9<strong> es una cookie?<\/strong><\/h2>\n<p>Una cookie es un peque\u00f1o fragmento de texto que los websites env\u00edan al navegador y que se almacenan en el terminal del usuario, el cual puede ser un ordenador personal, un tel\u00e9fono m\u00f3vil, un\u00a0<em>tablet<\/em>, etc&#8230; \u00a0Estos archivos permiten que los websites recuerden informaci\u00f3n sobre su visita, como el idioma y las opciones preferidas, lo que puede facilitar su pr\u00f3xima visita y hacer que el sitio resulte m\u00e1s \u00fatil al personalizar su contenido. Las cookies desempe\u00f1an un papel muy importante, al mejorar la experiencia de uso del Website.<strong>\u00a0<\/strong><\/p>\n<p>&nbsp;<\/p>\n<h2>\u00bfC\u00f3mo<strong> se utilizan las cookies?<\/strong><\/h2>\n<p>Al navegar por este Website el usuario est\u00e1 aceptando que se puedan instalar cookies en su terminal y que nos permiten conocer la siguiente informaci\u00f3n:<\/p>\n<ul>\n<li>Informaci\u00f3n estad\u00edstica del uso del Website.<\/li>\n<li>El &#8216;login&#8217; del usuario para mantener la sesi\u00f3n activa en el Website.<\/li>\n<li>El formato del Website preferente en el acceso desde dispositivos m\u00f3viles.<\/li>\n<li>Las \u00faltimas b\u00fasquedas realizadas en los servicios del Website y datos de personalizaci\u00f3n de estos servicios.<\/li>\n<li>Informaci\u00f3n sobre los anuncios que se muestran al usuario.<\/li>\n<li>Informaci\u00f3n de las encuestas en las que ha participado el usuario.<\/li>\n<li>Datos de la conexi\u00f3n con las redes sociales para los usuarios que acceden con su usuario de Facebook o Twitter.<\/li>\n<\/ul>\n<p>&nbsp;<\/p>\n<h2>Tipolog\u00eda<strong> de cookies<\/strong><\/h2>\n<p>A continuaci\u00f3n, le indicamos una relaci\u00f3n de la tipolog\u00eda de cookies:<\/p>\n<ul>\n<li><u>Cookies propias<\/u>: Son aqu\u00e9llas que se env\u00edan al equipo terminal del usuario desde un equipo o dominio gestionado por nosotros y desde el que se presta el servicio solicitado por el usuario.<\/li>\n<li><u>Cookies de tercero<\/u>: Son aqu\u00e9llas que se env\u00edan al equipo terminal del usuario desde un equipo o dominio que no es gestionado por nosotros, sino por otra entidad que trata los datos obtenidos a trav\u00e9s de las cookies (ej. las cookies usadas por los complementos de redes sociales).<\/li>\n<li><u>Cookies de sesi\u00f3n<\/u>: Son un tipo de cookies dise\u00f1adas para recabar y almacenar datos mientras el usuario accede a una p\u00e1gina web.<\/li>\n<li><u>Cookies persistentes<\/u>: Son un tipo de cookies en el que los datos siguen almacenados en el terminal y pueden ser accedidos y tratados durante un periodo definido por el responsable de la cookie, y que puede ir de unos minutos a varios a\u00f1os.<\/li>\n<li><u>Cookies t\u00e9cnicas<\/u>: Son aqu\u00e9llas que permiten al usuario la navegaci\u00f3n a trav\u00e9s de nuestra p\u00e1gina web, plataforma o aplicaci\u00f3n y la utilizaci\u00f3n de las diferentes opciones o servicios que en ella ofrecemos como, por ejemplo, compartir contenidos a trav\u00e9s de redes sociales.<\/li>\n<li><u>Cookie de personalizaci\u00f3n<\/u>: Son aqu\u00e9llas que permiten al usuario acceder al servicio con algunas caracter\u00edsticas de car\u00e1cter general predefinidas en funci\u00f3n de una serie de criterios en el terminal del usuario como, por ejemplo, el idioma utilizado.<\/li>\n<li><u>Cookies publicitarias:<\/u>Son aqu\u00e9llas que permiten la gesti\u00f3n, de la forma m\u00e1s eficaz posible, de los espacios publicitarios que, en su caso, el editor haya incluido en una p\u00e1gina web, aplicaci\u00f3n o plataforma desde la que presta el servicio solicitado en base a criterios como el contenido editado o la frecuencia en la que se muestran los anuncios.<\/li>\n<li><u>de publicidad comportamental<\/u>: Son aqu\u00e9llas que permiten la gesti\u00f3n, de la forma m\u00e1s eficaz posible, de los espacios publicitarios del Website. Estas cookies almacenan informaci\u00f3n del comportamiento de los usuarios obtenida a trav\u00e9s de la observaci\u00f3n continuada de sus h\u00e1bitos de navegaci\u00f3n, lo que permite desarrollar un perfil espec\u00edfico para mostrar publicidad en funci\u00f3n del mismo.<\/li>\n<\/ul>\n<p>&nbsp;<\/p>\n<h2><strong>Relaci\u00f3n y descripci\u00f3n de las cookies utilizadas en el Website<\/strong><\/h2>\n<p>&nbsp;<\/p>\n<p>Este Website utiliza tanto cookies temporales de sesi\u00f3n como cookies permanentes. Las cookies de sesi\u00f3n almacenan datos \u00fanicamente mientras el usuario accede al Website y las cookies permanentes almacenan los datos en el terminal para que sean accedidos y utilizados en m\u00e1s de una sesi\u00f3n. A continuaci\u00f3n le facilitamos la relaci\u00f3n de cookies utilizadas en este Website, identificando su titular, su finalidad as\u00ed como el tiempo en el que permanecen activas:<\/p>\n<p>&nbsp;<\/p>\n<table width=\"424\">\n<tbody>\n<tr>\n<td><strong>Titularidad<\/strong><\/td>\n<td><strong>Cookie<\/strong><\/td>\n<td><strong>Finalidad<\/strong><\/td>\n<td><strong>Tiempo<\/strong><\/td>\n<td><strong>M\u00e1s informaci\u00f3n<\/strong><\/td>\n<\/tr>\n<tr>\n<td>\n<p>&nbsp;<\/p>\n<p>Titular cookie<\/td>\n<td>La cookie<\/td>\n<td>Finalidad cookie<\/td>\n<td>Caducidad<\/td>\n<td>\u00a0Info adicional<\/td>\n<\/tr>\n<\/tbody>\n<\/table>\n<p>&nbsp;<\/p>\n<h2>\u00a0<strong>\u00bfC\u00f3mo administrar cookies en el navegador?<\/strong><\/h2>\n<p>El usuario tiene la opci\u00f3n de permitir, bloquear o eliminar las cookies instaladas en su equipo mediante la configuraci\u00f3n de las opciones del navegador instalado en su terminal.<\/p>\n<p>&nbsp;<\/p>\n<p><u>Para ajustar los permisos relacionados con las cookies en el Navegador\u00a0<strong>Google Chrome<\/strong><\/u>:<\/p>\n<ul>\n<li>Hacer clic en el men\u00fa\u00a0situado en la barra de herramientas.<\/li>\n<li>Seleccionar\u00a0<strong>Configuraci\u00f3n.<\/strong><\/li>\n<li>Hacer clic en\u00a0<strong>Mostrar opciones avanzadas.<\/strong><\/li>\n<li>En la secci\u00f3n \u201cPrivacidad\u201d hacer clic en el bot\u00f3n\u00a0<strong>Configuraci\u00f3n de contenido<\/strong>.<\/li>\n<li>En la secci\u00f3n de \u201cCookies\u201d se pueden configurar las opciones.<\/li>\n<\/ul>\n<p>*\u00a0<a href=\"https:\/\/support.google.com\/chrome\/answer\/95647?hl=es\"><strong>M\u00e1s informaci\u00f3n sobre\u00a0Google Chrome<\/strong><\/a>.<\/p>\n<p>&nbsp;<\/p>\n<p><u>Para ajustar los permisos relacionados con las cookies en el Navegador\u00a0<strong>Mozilla Firefox<\/strong><\/u>:<\/p>\n<ul>\n<li>En la parte superior de la ventana de Firefox hacer clic en el men\u00fa\u00a0<strong>Herramientas<\/strong>.<\/li>\n<li>Seleccionar<\/li>\n<li>Seleccionar el panel<\/li>\n<li><strong>En la opci\u00f3n\u00a0Firefox podr\u00e1\u00a0elegir\u00a0Usar una configuraci\u00f3n personalizada para el historial<\/strong>para configurar las opciones.<\/li>\n<\/ul>\n<p>*\u00a0<a href=\"https:\/\/support.mozilla.org\/es\/kb\/cookies-informacion-que-los-sitios-web-guardan-en-?esab=a&amp;s=adminstracion+de+cookies&amp;r=2&amp;as=s\"><strong>M\u00e1s informaci\u00f3n sobre Mozilla Firefox<\/strong><\/a>.<\/p>\n<p>&nbsp;<\/p>\n<p><u>Para ajustar los permisos relacionados con las cookies en el Navegador\u00a0<strong>Internet Explorer 9<\/strong><\/u>:<\/p>\n<ul>\n<li>En la parte superior de la ventana de Internet Explorer hacer clic en el men\u00fa<\/li>\n<li>Seleccionar la pesta\u00f1a de\u00a0<strong>Seguridad<\/strong>y utilizar la opci\u00f3n\u00a0<strong>Eliminar el historial de exploraci\u00f3n<\/strong>\u00a0para eliminar las cookies. Activar la casilla Cookies y, a continuaci\u00f3n, hacer clic en Eliminar.<\/li>\n<li>Seleccionar la pesta\u00f1a de\u00a0<strong>Seguridad<\/strong>y utilizar la\u00a0<strong>Configuraci\u00f3n\u00a0<\/strong>mover el control deslizante totalmente hacia arriba para bloquear todas las cookies o totalmente hacia abajo para permitir todas las cookies. Tras ello, hacer clic en\u00a0<strong>Aceptar<\/strong>.<\/li>\n<\/ul>\n<p>*\u00a0<a href=\"https:\/\/windows.microsoft.com\/es-es\/windows7\/how-to-manage-cookies-in-internet-explorer-9\"><strong>M\u00e1s informaci\u00f3n sobre Internet Explorer 9<\/strong><\/a><strong>.<\/strong><\/p>\n<p>&nbsp;<\/p>\n<p>En caso de bloquear el uso de cookies en su navegador es posible que algunos servicios o funcionalidades del Website no est\u00e9n disponibles.<\/p>\n<p>En algunos navegadores se pueden configurar reglas espec\u00edficas para administrar cookies por sitio Web, lo que ofrece un control m\u00e1s preciso sobre la privacidad. Esto significa que se puede inhabilitar cookies de todos los sitios salvo de aquellos en los que se conf\u00ede.<\/p>\n<p>Si necesita m\u00e1s informaci\u00f3n, puede contactar con nosotros a trav\u00e9s del correo electr\u00f3nico\u00a0[email contacto]<\/p>\n<p>[\/vc_column_text][\/vc_column][\/vc_row]<\/p>\n<\/div>","protected":false},"excerpt":{"rendered":"<p>[vc_row css_animation=\u00bb\u00bb row_type=\u00bbrow\u00bb use_row_as_full_screen_section=\u00bbno\u00bb type=\u00bbfull_width\u00bb angled_section=\u00bbno\u00bb text_align=\u00bbleft\u00bb background_image_as_pattern=\u00bbwithout_pattern\u00bb el_class=\u00bblegal_section1&#8243; z_index=\u00bb\u00bb][vc_column][vc_column_text] INFORMACI\u00d3N CORPORATIVA A fin de dar cumplimiento a lo dispuesto&#8230;<\/p>\n","protected":false},"author":2,"featured_media":0,"parent":0,"menu_order":0,"comment_status":"closed","ping_status":"closed","template":"","meta":{"footnotes":""},"class_list":["post-15957","page","type-page","status-publish","hentry"],"yoast_head":"<!-- This site is optimized with the Yoast SEO plugin v26.5 - https:\/\/yoast.com\/wordpress\/plugins\/seo\/ -->\n<title>Poli\u0301tica de cookies - Crearte Interiors<\/title>\n<meta name=\"robots\" content=\"index, nofollow, max-snippet:-1, max-image-preview:large, max-video-preview:-1\" \/>\n<link rel=\"canonical\" href=\"https:\/\/crearteinteriors.es\/es\/politica-de-cookies\/\" \/>\n<meta property=\"og:locale\" content=\"es_ES\" \/>\n<meta property=\"og:type\" content=\"article\" \/>\n<meta property=\"og:title\" content=\"Poli\u0301tica de cookies - Crearte Interiors\" \/>\n<meta property=\"og:description\" content=\"[vc_row css_animation=\u00bb\u00bb row_type=\u00bbrow\u00bb use_row_as_full_screen_section=\u00bbno\u00bb type=\u00bbfull_width\u00bb angled_section=\u00bbno\u00bb text_align=\u00bbleft\u00bb background_image_as_pattern=\u00bbwithout_pattern\u00bb el_class=\u00bblegal_section1&#8243; z_index=\u00bb\u00bb][vc_column][vc_column_text] INFORMACI\u00d3N CORPORATIVA A fin de dar cumplimiento a lo dispuesto...\" \/>\n<meta property=\"og:url\" content=\"https:\/\/crearteinteriors.es\/es\/politica-de-cookies\/\" \/>\n<meta property=\"og:site_name\" content=\"Crearte Interiors\" \/>\n<meta property=\"article:publisher\" content=\"https:\/\/www.facebook.com\/crearteinteriors\/\" \/>\n<meta property=\"article:modified_time\" content=\"2019-05-09T13:36:00+00:00\" \/>\n<meta name=\"twitter:card\" content=\"summary_large_image\" \/>\n<meta name=\"twitter:label1\" content=\"Tiempo de lectura\" \/>\n\t<meta name=\"twitter:data1\" content=\"6 minutos\" \/>\n<script type=\"application\/ld+json\" class=\"yoast-schema-graph\">{\"@context\":\"https:\/\/schema.org\",\"@graph\":[{\"@type\":\"WebPage\",\"@id\":\"https:\/\/crearteinteriors.es\/es\/politica-de-cookies\/\",\"url\":\"https:\/\/crearteinteriors.es\/es\/politica-de-cookies\/\",\"name\":\"Poli\u0301tica de cookies - Crearte Interiors\",\"isPartOf\":{\"@id\":\"https:\/\/crearteinteriors.es\/#website\"},\"datePublished\":\"2019-05-09T13:35:59+00:00\",\"dateModified\":\"2019-05-09T13:36:00+00:00\",\"breadcrumb\":{\"@id\":\"https:\/\/crearteinteriors.es\/es\/politica-de-cookies\/#breadcrumb\"},\"inLanguage\":\"es\",\"potentialAction\":[{\"@type\":\"ReadAction\",\"target\":[\"https:\/\/crearteinteriors.es\/es\/politica-de-cookies\/\"]}]},{\"@type\":\"BreadcrumbList\",\"@id\":\"https:\/\/crearteinteriors.es\/es\/politica-de-cookies\/#breadcrumb\",\"itemListElement\":[{\"@type\":\"ListItem\",\"position\":1,\"name\":\"Inici\",\"item\":\"https:\/\/crearteinteriors.es\/es\/\"},{\"@type\":\"ListItem\",\"position\":2,\"name\":\"Poli\u0301tica de cookies\"}]},{\"@type\":\"WebSite\",\"@id\":\"https:\/\/crearteinteriors.es\/#website\",\"url\":\"https:\/\/crearteinteriors.es\/\",\"name\":\"Crearte Interiors\",\"description\":\"Estudi d\u2019interiorisme.\",\"publisher\":{\"@id\":\"https:\/\/crearteinteriors.es\/#organization\"},\"potentialAction\":[{\"@type\":\"SearchAction\",\"target\":{\"@type\":\"EntryPoint\",\"urlTemplate\":\"https:\/\/crearteinteriors.es\/?s={search_term_string}\"},\"query-input\":{\"@type\":\"PropertyValueSpecification\",\"valueRequired\":true,\"valueName\":\"search_term_string\"}}],\"inLanguage\":\"es\"},{\"@type\":\"Organization\",\"@id\":\"https:\/\/crearteinteriors.es\/#organization\",\"name\":\"Crearte Interiors\",\"url\":\"https:\/\/crearteinteriors.es\/\",\"logo\":{\"@type\":\"ImageObject\",\"inLanguage\":\"es\",\"@id\":\"https:\/\/crearteinteriors.es\/#\/schema\/logo\/image\/\",\"url\":\"https:\/\/crearteinteriors.es\/wp-content\/uploads\/2022\/12\/logo-quadrat_Bl.jpg\",\"contentUrl\":\"https:\/\/crearteinteriors.es\/wp-content\/uploads\/2022\/12\/logo-quadrat_Bl.jpg\",\"width\":2008,\"height\":2008,\"caption\":\"Crearte Interiors\"},\"image\":{\"@id\":\"https:\/\/crearteinteriors.es\/#\/schema\/logo\/image\/\"},\"sameAs\":[\"https:\/\/www.facebook.com\/crearteinteriors\/\",\"https:\/\/www.instagram.com\/crearteinteriors\/\"]}]}<\/script>\n<!-- \/ Yoast SEO plugin. -->","yoast_head_json":{"title":"Poli\u0301tica de cookies - Crearte Interiors","robots":{"index":"index","follow":"nofollow","max-snippet":"max-snippet:-1","max-image-preview":"max-image-preview:large","max-video-preview":"max-video-preview:-1"},"canonical":"https:\/\/crearteinteriors.es\/es\/politica-de-cookies\/","og_locale":"es_ES","og_type":"article","og_title":"Poli\u0301tica de cookies - Crearte Interiors","og_description":"[vc_row css_animation=\u00bb\u00bb row_type=\u00bbrow\u00bb use_row_as_full_screen_section=\u00bbno\u00bb type=\u00bbfull_width\u00bb angled_section=\u00bbno\u00bb text_align=\u00bbleft\u00bb background_image_as_pattern=\u00bbwithout_pattern\u00bb el_class=\u00bblegal_section1&#8243; z_index=\u00bb\u00bb][vc_column][vc_column_text] INFORMACI\u00d3N CORPORATIVA A fin de dar cumplimiento a lo dispuesto...","og_url":"https:\/\/crearteinteriors.es\/es\/politica-de-cookies\/","og_site_name":"Crearte Interiors","article_publisher":"https:\/\/www.facebook.com\/crearteinteriors\/","article_modified_time":"2019-05-09T13:36:00+00:00","twitter_card":"summary_large_image","twitter_misc":{"Tiempo de lectura":"6 minutos"},"schema":{"@context":"https:\/\/schema.org","@graph":[{"@type":"WebPage","@id":"https:\/\/crearteinteriors.es\/es\/politica-de-cookies\/","url":"https:\/\/crearteinteriors.es\/es\/politica-de-cookies\/","name":"Poli\u0301tica de cookies - Crearte Interiors","isPartOf":{"@id":"https:\/\/crearteinteriors.es\/#website"},"datePublished":"2019-05-09T13:35:59+00:00","dateModified":"2019-05-09T13:36:00+00:00","breadcrumb":{"@id":"https:\/\/crearteinteriors.es\/es\/politica-de-cookies\/#breadcrumb"},"inLanguage":"es","potentialAction":[{"@type":"ReadAction","target":["https:\/\/crearteinteriors.es\/es\/politica-de-cookies\/"]}]},{"@type":"BreadcrumbList","@id":"https:\/\/crearteinteriors.es\/es\/politica-de-cookies\/#breadcrumb","itemListElement":[{"@type":"ListItem","position":1,"name":"Inici","item":"https:\/\/crearteinteriors.es\/es\/"},{"@type":"ListItem","position":2,"name":"Poli\u0301tica de cookies"}]},{"@type":"WebSite","@id":"https:\/\/crearteinteriors.es\/#website","url":"https:\/\/crearteinteriors.es\/","name":"Crearte Interiors","description":"Estudi d\u2019interiorisme.","publisher":{"@id":"https:\/\/crearteinteriors.es\/#organization"},"potentialAction":[{"@type":"SearchAction","target":{"@type":"EntryPoint","urlTemplate":"https:\/\/crearteinteriors.es\/?s={search_term_string}"},"query-input":{"@type":"PropertyValueSpecification","valueRequired":true,"valueName":"search_term_string"}}],"inLanguage":"es"},{"@type":"Organization","@id":"https:\/\/crearteinteriors.es\/#organization","name":"Crearte Interiors","url":"https:\/\/crearteinteriors.es\/","logo":{"@type":"ImageObject","inLanguage":"es","@id":"https:\/\/crearteinteriors.es\/#\/schema\/logo\/image\/","url":"https:\/\/crearteinteriors.es\/wp-content\/uploads\/2022\/12\/logo-quadrat_Bl.jpg","contentUrl":"https:\/\/crearteinteriors.es\/wp-content\/uploads\/2022\/12\/logo-quadrat_Bl.jpg","width":2008,"height":2008,"caption":"Crearte Interiors"},"image":{"@id":"https:\/\/crearteinteriors.es\/#\/schema\/logo\/image\/"},"sameAs":["https:\/\/www.facebook.com\/crearteinteriors\/","https:\/\/www.instagram.com\/crearteinteriors\/"]}]}},"_links":{"self":[{"href":"https:\/\/crearteinteriors.es\/es\/wp-json\/wp\/v2\/pages\/15957","targetHints":{"allow":["GET"]}}],"collection":[{"href":"https:\/\/crearteinteriors.es\/es\/wp-json\/wp\/v2\/pages"}],"about":[{"href":"https:\/\/crearteinteriors.es\/es\/wp-json\/wp\/v2\/types\/page"}],"author":[{"embeddable":true,"href":"https:\/\/crearteinteriors.es\/es\/wp-json\/wp\/v2\/users\/2"}],"replies":[{"embeddable":true,"href":"https:\/\/crearteinteriors.es\/es\/wp-json\/wp\/v2\/comments?post=15957"}],"version-history":[{"count":1,"href":"https:\/\/crearteinteriors.es\/es\/wp-json\/wp\/v2\/pages\/15957\/revisions"}],"predecessor-version":[{"id":15958,"href":"https:\/\/crearteinteriors.es\/es\/wp-json\/wp\/v2\/pages\/15957\/revisions\/15958"}],"wp:attachment":[{"href":"https:\/\/crearteinteriors.es\/es\/wp-json\/wp\/v2\/media?parent=15957"}],"curies":[{"name":"wp","href":"https:\/\/api.w.org\/{rel}","templated":true}]}}